{"id":12225,"date":"2024-12-27T21:58:04","date_gmt":"2024-12-28T00:58:04","guid":{"rendered":"https:\/\/synchronotron.com\/?page_id=12225"},"modified":"2025-12-09T09:52:03","modified_gmt":"2025-12-09T12:52:03","slug":"valum-votan","status":"publish","type":"page","link":"https:\/\/synchronotron.com\/index.php\/valum-votan\/","title":{"rendered":"Valum Votan"},"content":{"rendered":"\t\t<div data-elementor-type=\"wp-page\" data-elementor-id=\"12225\" class=\"elementor elementor-12225\">\n\t\t\t\t\t\t<section class=\"elementor-section elementor-top-section elementor-element elementor-element-0636c03 elementor-section-boxed elementor-section-height-default elementor-section-height-default\" data-id=\"0636c03\" data-element_type=\"section\" data-e-type=\"section\">\n\t\t\t\t\t\t<div class=\"elementor-container elementor-column-gap-default\">\n\t\t\t\t\t<div class=\"elementor-column elementor-col-100 elementor-top-column elementor-element elementor-element-09eef7f\" data-id=\"09eef7f\" data-element_type=\"column\" data-e-type=\"column\">\n\t\t\t<div class=\"elementor-widget-wrap elementor-element-populated\">\n\t\t\t\t\t\t<div class=\"elementor-element elementor-element-67a6c1d elementor-widget elementor-widget-heading\" data-id=\"67a6c1d\" data-element_type=\"widget\" data-e-type=\"widget\" data-widget_type=\"heading.default\">\n\t\t\t\t<div class=\"elementor-widget-container\">\n\t\t\t\t\t<h2 class=\"elementor-heading-title elementor-size-default\"><div><span>Semin\u00e1rio de Treinamento Avan\u00e7ado dos Magos da Terra<\/span><span style=\"color: inherit;font-family: inherit;letter-spacing: -0.02em\"><\/span><\/div><\/h2>\t\t\t\t<\/div>\n\t\t\t\t<\/div>\n\t\t\t\t<div class=\"elementor-element elementor-element-f04d88c elementor-widget elementor-widget-text-editor\" data-id=\"f04d88c\" data-element_type=\"widget\" data-e-type=\"widget\" data-widget_type=\"text-editor.default\">\n\t\t\t\t<div class=\"elementor-widget-container\">\n\t\t\t\t\t\t\t\t\t<p>Por: Valum Votan &#8211; em Cisternino, It\u00e1lia &#8211; Synchronotron<\/p>\t\t\t\t\t\t\t\t<\/div>\n\t\t\t\t<\/div>\n\t\t\t\t<div class=\"elementor-element elementor-element-ce2af85 elementor-widget elementor-widget-spacer\" data-id=\"ce2af85\" data-element_type=\"widget\" data-e-type=\"widget\" data-widget_type=\"spacer.default\">\n\t\t\t\t<div class=\"elementor-widget-container\">\n\t\t\t\t\t\t\t<div class=\"elementor-spacer\">\n\t\t\t<div class=\"elementor-spacer-inner\"><\/div>\n\t\t<\/div>\n\t\t\t\t\t\t<\/div>\n\t\t\t\t<\/div>\n\t\t\t\t\t<\/div>\n\t\t<\/div>\n\t\t\t\t\t<\/div>\n\t\t<\/section>\n\t\t<div class=\"elementor-element elementor-element-7c5c83d e-flex e-con-boxed e-con e-parent\" data-id=\"7c5c83d\" data-element_type=\"container\" data-e-type=\"container\">\n\t\t\t\t\t<div class=\"e-con-inner\">\n\t\t\t\t<div class=\"elementor-element elementor-element-89266e7 elementor-widget elementor-widget-heading\" data-id=\"89266e7\" data-element_type=\"widget\" data-e-type=\"widget\" data-widget_type=\"heading.default\">\n\t\t\t\t<div class=\"elementor-widget-container\">\n\t\t\t\t\t<h2 class=\"elementor-heading-title elementor-size-default\">Dia 01 - Per\u00edodo Manh\u00e3<\/h2>\t\t\t\t<\/div>\n\t\t\t\t<\/div>\n\t\t\t\t<div class=\"elementor-element elementor-element-7446a44 elementor-widget elementor-widget-html\" data-id=\"7446a44\" data-element_type=\"widget\" data-e-type=\"widget\" data-widget_type=\"html.default\">\n\t\t\t\t<div class=\"elementor-widget-container\">\n\t\t\t\t\t<audio controls controlsList=\"nodownload\" style=\"width: 100%; border-radius: 30px;\">\r\n  <source src=\"https:\/\/synchronotron.com\/wp-content\/uploads\/2024\/08\/Day-1-morning.mp3\" type=\"audio\/mpeg\">\r\n  Seu navegador n\u00e3o suporta o elemento de \u00e1udio.\r\n<\/audio>\t\t\t\t<\/div>\n\t\t\t\t<\/div>\n\t\t\t\t<div class=\"elementor-element elementor-element-0acf69d elementor-widget elementor-widget-heading\" data-id=\"0acf69d\" data-element_type=\"widget\" data-e-type=\"widget\" data-widget_type=\"heading.default\">\n\t\t\t\t<div class=\"elementor-widget-container\">\n\t\t\t\t\t<h2 class=\"elementor-heading-title elementor-size-default\">Dia 01 - Per\u00edodo Tarde<\/h2>\t\t\t\t<\/div>\n\t\t\t\t<\/div>\n\t\t\t\t<div class=\"elementor-element elementor-element-9d9f852 elementor-widget elementor-widget-html\" data-id=\"9d9f852\" data-element_type=\"widget\" data-e-type=\"widget\" data-widget_type=\"html.default\">\n\t\t\t\t<div class=\"elementor-widget-container\">\n\t\t\t\t\t<audio controls controlsList=\"nodownload\" style=\"width: 100%; border-radius: 30px;\">\r\n  <source src=\"https:\/\/synchronotron.com\/wp-content\/uploads\/2025\/12\/Day-1-afternoon-1.mp3\" type=\"audio\/mpeg\">\r\n  Seu navegador n\u00e3o suporta o elemento de \u00e1udio.\r\n<\/audio>\t\t\t\t<\/div>\n\t\t\t\t<\/div>\n\t\t\t\t<div class=\"elementor-element elementor-element-331c1f3 elementor-widget elementor-widget-heading\" data-id=\"331c1f3\" data-element_type=\"widget\" data-e-type=\"widget\" data-widget_type=\"heading.default\">\n\t\t\t\t<div class=\"elementor-widget-container\">\n\t\t\t\t\t<h2 class=\"elementor-heading-title elementor-size-default\">Dia 02 - Per\u00edodo Manh\u00e3<\/h2>\t\t\t\t<\/div>\n\t\t\t\t<\/div>\n\t\t\t\t<div class=\"elementor-element elementor-element-8d2874a elementor-widget elementor-widget-html\" data-id=\"8d2874a\" data-element_type=\"widget\" data-e-type=\"widget\" data-widget_type=\"html.default\">\n\t\t\t\t<div class=\"elementor-widget-container\">\n\t\t\t\t\t<audio controls controlsList=\"nodownload\" style=\"width: 100%; border-radius: 30px;\">\r\n  <source src=\"https:\/\/synchronotron.com\/wp-content\/uploads\/2024\/08\/Day-2-morning.mp3\" type=\"audio\/mpeg\">\r\n  Seu navegador n\u00e3o suporta o elemento de \u00e1udio.\r\n<\/audio>\t\t\t\t<\/div>\n\t\t\t\t<\/div>\n\t\t\t\t<div class=\"elementor-element elementor-element-b1fce67 elementor-widget elementor-widget-heading\" data-id=\"b1fce67\" data-element_type=\"widget\" data-e-type=\"widget\" data-widget_type=\"heading.default\">\n\t\t\t\t<div class=\"elementor-widget-container\">\n\t\t\t\t\t<h2 class=\"elementor-heading-title elementor-size-default\">Dia 02 - Per\u00edodo Tarde<\/h2>\t\t\t\t<\/div>\n\t\t\t\t<\/div>\n\t\t\t\t<div class=\"elementor-element elementor-element-1a2c0a9 elementor-widget elementor-widget-html\" data-id=\"1a2c0a9\" data-element_type=\"widget\" data-e-type=\"widget\" data-widget_type=\"html.default\">\n\t\t\t\t<div class=\"elementor-widget-container\">\n\t\t\t\t\t<audio controls controlsList=\"nodownload\" style=\"width: 100%; border-radius: 30px;\">\r\n  <source src=\"https:\/\/synchronotron.com\/wp-content\/uploads\/2024\/08\/day-2-afternoon.mp3\" type=\"audio\/mpeg\">\r\n  Seu navegador n\u00e3o suporta o elemento de \u00e1udio.\r\n<\/audio>\t\t\t\t<\/div>\n\t\t\t\t<\/div>\n\t\t\t\t<div class=\"elementor-element elementor-element-ca4b081 elementor-widget elementor-widget-heading\" data-id=\"ca4b081\" data-element_type=\"widget\" data-e-type=\"widget\" data-widget_type=\"heading.default\">\n\t\t\t\t<div class=\"elementor-widget-container\">\n\t\t\t\t\t<h2 class=\"elementor-heading-title elementor-size-default\">Dia 03 - Per\u00edodo Manh\u00e3<\/h2>\t\t\t\t<\/div>\n\t\t\t\t<\/div>\n\t\t\t\t<div class=\"elementor-element elementor-element-065e609 elementor-widget elementor-widget-html\" data-id=\"065e609\" data-element_type=\"widget\" data-e-type=\"widget\" data-widget_type=\"html.default\">\n\t\t\t\t<div class=\"elementor-widget-container\">\n\t\t\t\t\t<audio controls controlsList=\"nodownload\" style=\"width: 100%; border-radius: 30px;\">\r\n  <source src=\"https:\/\/synchronotron.com\/wp-content\/uploads\/2024\/08\/Day-3-morning.mp3\" type=\"audio\/mpeg\">\r\n  Seu navegador n\u00e3o suporta o elemento de \u00e1udio.\r\n<\/audio>\t\t\t\t<\/div>\n\t\t\t\t<\/div>\n\t\t\t\t<div class=\"elementor-element elementor-element-91213e9 elementor-widget elementor-widget-heading\" data-id=\"91213e9\" data-element_type=\"widget\" data-e-type=\"widget\" data-widget_type=\"heading.default\">\n\t\t\t\t<div class=\"elementor-widget-container\">\n\t\t\t\t\t<h2 class=\"elementor-heading-title elementor-size-default\">Dia 03 - Per\u00edodo Tarde<\/h2>\t\t\t\t<\/div>\n\t\t\t\t<\/div>\n\t\t\t\t<div class=\"elementor-element elementor-element-c55507e elementor-widget elementor-widget-html\" data-id=\"c55507e\" data-element_type=\"widget\" data-e-type=\"widget\" data-widget_type=\"html.default\">\n\t\t\t\t<div class=\"elementor-widget-container\">\n\t\t\t\t\t<audio controls controlsList=\"nodownload\" style=\"width: 100%; border-radius: 30px;\">\r\n  <source src=\"https:\/\/synchronotron.com\/wp-content\/uploads\/2024\/08\/Day-3-afternoon.mp3\" type=\"audio\/mpeg\">\r\n  Seu navegador n\u00e3o suporta o elemento de \u00e1udio.\r\n<\/audio>\t\t\t\t<\/div>\n\t\t\t\t<\/div>\n\t\t\t\t<div class=\"elementor-element elementor-element-7b54ce2 elementor-widget elementor-widget-heading\" data-id=\"7b54ce2\" data-element_type=\"widget\" data-e-type=\"widget\" data-widget_type=\"heading.default\">\n\t\t\t\t<div class=\"elementor-widget-container\">\n\t\t\t\t\t<h2 class=\"elementor-heading-title elementor-size-default\">Dia 04 - Per\u00edodo Manh\u00e3<\/h2>\t\t\t\t<\/div>\n\t\t\t\t<\/div>\n\t\t\t\t<div class=\"elementor-element elementor-element-3f324f3 elementor-widget elementor-widget-html\" data-id=\"3f324f3\" data-element_type=\"widget\" data-e-type=\"widget\" data-widget_type=\"html.default\">\n\t\t\t\t<div class=\"elementor-widget-container\">\n\t\t\t\t\t<audio controls controlsList=\"nodownload\" style=\"width: 100%; border-radius: 30px;\">\r\n  <source src=\"https:\/\/synchronotron.com\/wp-content\/uploads\/2024\/08\/Day-4-morning.mp3\" type=\"audio\/mpeg\">\r\n  Seu navegador n\u00e3o suporta o elemento de \u00e1udio.\r\n<\/audio>\t\t\t\t<\/div>\n\t\t\t\t<\/div>\n\t\t\t\t<div class=\"elementor-element elementor-element-9c9b511 elementor-widget elementor-widget-heading\" data-id=\"9c9b511\" data-element_type=\"widget\" data-e-type=\"widget\" data-widget_type=\"heading.default\">\n\t\t\t\t<div class=\"elementor-widget-container\">\n\t\t\t\t\t<h2 class=\"elementor-heading-title elementor-size-default\">Dia 04 - Per\u00edodo Tarde<\/h2>\t\t\t\t<\/div>\n\t\t\t\t<\/div>\n\t\t\t\t<div class=\"elementor-element elementor-element-5439e80 elementor-widget elementor-widget-html\" data-id=\"5439e80\" data-element_type=\"widget\" data-e-type=\"widget\" data-widget_type=\"html.default\">\n\t\t\t\t<div class=\"elementor-widget-container\">\n\t\t\t\t\t<audio controls controlsList=\"nodownload\" style=\"width: 100%; border-radius: 30px;\">\r\n  <source src=\"https:\/\/synchronotron.com\/wp-content\/uploads\/2024\/08\/day-4-afternoon.mp3\" type=\"audio\/mpeg\">\r\n  Seu navegador n\u00e3o suporta o elemento de \u00e1udio.\r\n<\/audio>\t\t\t\t<\/div>\n\t\t\t\t<\/div>\n\t\t\t\t<div class=\"elementor-element elementor-element-0ddeba2 elementor-widget elementor-widget-heading\" data-id=\"0ddeba2\" data-element_type=\"widget\" data-e-type=\"widget\" data-widget_type=\"heading.default\">\n\t\t\t\t<div class=\"elementor-widget-container\">\n\t\t\t\t\t<h2 class=\"elementor-heading-title elementor-size-default\">Dia 05 - Per\u00edodo Manh\u00e3<\/h2>\t\t\t\t<\/div>\n\t\t\t\t<\/div>\n\t\t\t\t<div class=\"elementor-element elementor-element-1facb20 elementor-widget elementor-widget-html\" data-id=\"1facb20\" data-element_type=\"widget\" data-e-type=\"widget\" data-widget_type=\"html.default\">\n\t\t\t\t<div class=\"elementor-widget-container\">\n\t\t\t\t\t<audio controls controlsList=\"nodownload\" style=\"width: 100%; border-radius: 30px;\">\r\n  <source src=\"https:\/\/synchronotron.com\/wp-content\/uploads\/2024\/08\/Day-5-morning.mp3\" type=\"audio\/mpeg\">\r\n  Seu navegador n\u00e3o suporta o elemento de \u00e1udio.\r\n<\/audio>\t\t\t\t<\/div>\n\t\t\t\t<\/div>\n\t\t\t\t<div class=\"elementor-element elementor-element-bffdf32 elementor-widget elementor-widget-heading\" data-id=\"bffdf32\" data-element_type=\"widget\" data-e-type=\"widget\" data-widget_type=\"heading.default\">\n\t\t\t\t<div class=\"elementor-widget-container\">\n\t\t\t\t\t<h2 class=\"elementor-heading-title elementor-size-default\">Dia 05 - Per\u00edodo Tarde<\/h2>\t\t\t\t<\/div>\n\t\t\t\t<\/div>\n\t\t\t\t<div class=\"elementor-element elementor-element-79153b5 elementor-widget elementor-widget-html\" data-id=\"79153b5\" data-element_type=\"widget\" data-e-type=\"widget\" data-widget_type=\"html.default\">\n\t\t\t\t<div class=\"elementor-widget-container\">\n\t\t\t\t\t<audio controls controlsList=\"nodownload\" style=\"width: 100%; border-radius: 30px;\">\r\n  <source src=\"https:\/\/synchronotron.com\/wp-content\/uploads\/2024\/08\/Day-5-afternoon.mp3\" type=\"audio\/mpeg\">\r\n  Seu navegador n\u00e3o suporta o elemento de \u00e1udio.\r\n<\/audio>\t\t\t\t<\/div>\n\t\t\t\t<\/div>\n\t\t\t\t<div class=\"elementor-element elementor-element-6ddfc21 elementor-widget elementor-widget-heading\" data-id=\"6ddfc21\" data-element_type=\"widget\" data-e-type=\"widget\" data-widget_type=\"heading.default\">\n\t\t\t\t<div class=\"elementor-widget-container\">\n\t\t\t\t\t<h2 class=\"elementor-heading-title elementor-size-default\">Dia 06 - Per\u00edodo Manh\u00e3<\/h2>\t\t\t\t<\/div>\n\t\t\t\t<\/div>\n\t\t\t\t<div class=\"elementor-element elementor-element-4334b4a elementor-widget elementor-widget-html\" data-id=\"4334b4a\" data-element_type=\"widget\" data-e-type=\"widget\" data-widget_type=\"html.default\">\n\t\t\t\t<div class=\"elementor-widget-container\">\n\t\t\t\t\t<audio controls controlsList=\"nodownload\" style=\"width: 100%; border-radius: 30px;\">\r\n  <source src=\"https:\/\/synchronotron.com\/wp-content\/uploads\/2024\/08\/Day-6-morning.mp3\" type=\"audio\/mpeg\">\r\n  Seu navegador n\u00e3o suporta o elemento de \u00e1udio.\r\n<\/audio>\t\t\t\t<\/div>\n\t\t\t\t<\/div>\n\t\t\t\t<div class=\"elementor-element elementor-element-c0ca6d4 elementor-widget elementor-widget-heading\" data-id=\"c0ca6d4\" data-element_type=\"widget\" data-e-type=\"widget\" data-widget_type=\"heading.default\">\n\t\t\t\t<div class=\"elementor-widget-container\">\n\t\t\t\t\t<h2 class=\"elementor-heading-title elementor-size-default\">Dia 06 - Per\u00edodo Tarde<\/h2>\t\t\t\t<\/div>\n\t\t\t\t<\/div>\n\t\t\t\t<div class=\"elementor-element elementor-element-729a843 elementor-widget elementor-widget-html\" data-id=\"729a843\" data-element_type=\"widget\" data-e-type=\"widget\" data-widget_type=\"html.default\">\n\t\t\t\t<div class=\"elementor-widget-container\">\n\t\t\t\t\t<audio controls controlsList=\"nodownload\" style=\"width: 100%; border-radius: 30px;\">\r\n  <source src=\"https:\/\/synchronotron.com\/wp-content\/uploads\/2024\/08\/day-6-afternoon.mp3\" type=\"audio\/mpeg\">\r\n  Seu navegador n\u00e3o suporta o elemento de \u00e1udio.\r\n<\/audio>\t\t\t\t<\/div>\n\t\t\t\t<\/div>\n\t\t\t\t<div class=\"elementor-element elementor-element-77c03ed elementor-widget elementor-widget-heading\" data-id=\"77c03ed\" data-element_type=\"widget\" data-e-type=\"widget\" data-widget_type=\"heading.default\">\n\t\t\t\t<div class=\"elementor-widget-container\">\n\t\t\t\t\t<h2 class=\"elementor-heading-title elementor-size-default\">Dia 07 - Per\u00edodo Manh\u00e3<\/h2>\t\t\t\t<\/div>\n\t\t\t\t<\/div>\n\t\t\t\t<div class=\"elementor-element elementor-element-23069e6 elementor-widget elementor-widget-html\" data-id=\"23069e6\" data-element_type=\"widget\" data-e-type=\"widget\" data-widget_type=\"html.default\">\n\t\t\t\t<div class=\"elementor-widget-container\">\n\t\t\t\t\t<audio controls controlsList=\"nodownload\" style=\"width: 100%; border-radius: 30px;\">\r\n  <source src=\"https:\/\/synchronotron.com\/wp-content\/uploads\/2024\/08\/Day-7-morning.mp3\" type=\"audio\/mpeg\">\r\n  Seu navegador n\u00e3o suporta o elemento de \u00e1udio.\r\n<\/audio>\t\t\t\t<\/div>\n\t\t\t\t<\/div>\n\t\t\t\t<div class=\"elementor-element elementor-element-78aef7b elementor-widget elementor-widget-heading\" data-id=\"78aef7b\" data-element_type=\"widget\" data-e-type=\"widget\" data-widget_type=\"heading.default\">\n\t\t\t\t<div class=\"elementor-widget-container\">\n\t\t\t\t\t<h2 class=\"elementor-heading-title elementor-size-default\">Dia 07 - Per\u00edodo Tarde<\/h2>\t\t\t\t<\/div>\n\t\t\t\t<\/div>\n\t\t\t\t<div class=\"elementor-element elementor-element-0b2cfec elementor-widget elementor-widget-html\" data-id=\"0b2cfec\" data-element_type=\"widget\" data-e-type=\"widget\" data-widget_type=\"html.default\">\n\t\t\t\t<div class=\"elementor-widget-container\">\n\t\t\t\t\t<audio controls controlsList=\"nodownload\" style=\"width: 100%; border-radius: 30px;\">\r\n  <source src=\"https:\/\/synchronotron.com\/wp-content\/uploads\/2024\/08\/Day-7-afternoon.mp3\" type=\"audio\/mpeg\">\r\n  Seu navegador n\u00e3o suporta o elemento de \u00e1udio.\r\n<\/audio>\t\t\t\t<\/div>\n\t\t\t\t<\/div>\n\t\t\t\t\t<\/div>\n\t\t\t\t<\/div>\n\t\t\t\t<\/div>\n\t\t","protected":false},"excerpt":{"rendered":"<p>Semin\u00e1rio de Treinamento Avan\u00e7ado dos Magos da Terra Por: Valum Votan &#8211; em Cisternino, It\u00e1lia &#8211; Synchronotron Dia 01 &#8211; Per\u00edodo Manh\u00e3 Seu navegador n\u00e3o suporta o elemento de \u00e1udio. Dia 01 &#8211; Per\u00edodo Tarde Seu navegador n\u00e3o suporta o elemento de \u00e1udio. Dia 02 &#8211; Per\u00edodo Manh\u00e3 Seu navegador n\u00e3o suporta o elemento de&hellip;<\/p>\n","protected":false},"author":2,"featured_media":0,"parent":0,"menu_order":0,"comment_status":"closed","ping_status":"closed","template":"","meta":{"_acf_changed":false,"give_campaign_id":0,"_eb_attr":"","om_disable_all_campaigns":false,"_exactmetrics_skip_tracking":false,"_exactmetrics_sitenote_active":false,"_exactmetrics_sitenote_note":"","_exactmetrics_sitenote_category":0,"_uf_show_specific_survey":0,"_uf_disable_surveys":false,"iawp_total_views":34,"footnotes":""},"class_list":["post-12225","page","type-page","status-publish","hentry"],"acf":[],"yoast_head":"<!-- This site is optimized with the Yoast SEO plugin v27.5 - https:\/\/yoast.com\/product\/yoast-seo-wordpress\/ -->\n<title>Valum Votan - Synchronotron<\/title>\n<meta name=\"robots\" content=\"index, follow, max-snippet:-1, max-image-preview:large, max-video-preview:-1\" \/>\n<link rel=\"canonical\" href=\"https:\/\/synchronotron.com\/index.php\/valum-votan\/\" \/>\n<meta property=\"og:locale\" content=\"pt_BR\" \/>\n<meta property=\"og:type\" content=\"article\" \/>\n<meta property=\"og:title\" content=\"Valum Votan - Synchronotron\" \/>\n<meta property=\"og:description\" content=\"Semin\u00e1rio de Treinamento Avan\u00e7ado dos Magos da Terra Por: Valum Votan &#8211; em Cisternino, It\u00e1lia &#8211; Synchronotron Dia 01 &#8211; Per\u00edodo Manh\u00e3 Seu navegador n\u00e3o suporta o elemento de \u00e1udio. Dia 01 &#8211; Per\u00edodo Tarde Seu navegador n\u00e3o suporta o elemento de \u00e1udio. Dia 02 &#8211; Per\u00edodo Manh\u00e3 Seu navegador n\u00e3o suporta o elemento de&hellip;\" \/>\n<meta property=\"og:url\" content=\"https:\/\/synchronotron.com\/index.php\/valum-votan\/\" \/>\n<meta property=\"og:site_name\" content=\"Synchronotron\" \/>\n<meta property=\"article:modified_time\" content=\"2025-12-09T12:52:03+00:00\" \/>\n<meta name=\"twitter:card\" content=\"summary_large_image\" \/>\n<meta name=\"twitter:label1\" content=\"Est. tempo de leitura\" \/>\n\t<meta name=\"twitter:data1\" content=\"2 minutos\" \/>\n<script type=\"application\/ld+json\" class=\"yoast-schema-graph\">{\"@context\":\"https:\\\/\\\/schema.org\",\"@graph\":[{\"@type\":\"WebPage\",\"@id\":\"https:\\\/\\\/synchronotron.com\\\/index.php\\\/valum-votan\\\/\",\"url\":\"https:\\\/\\\/synchronotron.com\\\/index.php\\\/valum-votan\\\/\",\"name\":\"Valum Votan - Synchronotron\",\"isPartOf\":{\"@id\":\"https:\\\/\\\/synchronotron.com\\\/#website\"},\"datePublished\":\"2024-12-28T00:58:04+00:00\",\"dateModified\":\"2025-12-09T12:52:03+00:00\",\"breadcrumb\":{\"@id\":\"https:\\\/\\\/synchronotron.com\\\/index.php\\\/valum-votan\\\/#breadcrumb\"},\"inLanguage\":\"pt-BR\",\"potentialAction\":[{\"@type\":\"ReadAction\",\"target\":[\"https:\\\/\\\/synchronotron.com\\\/index.php\\\/valum-votan\\\/\"]}]},{\"@type\":\"BreadcrumbList\",\"@id\":\"https:\\\/\\\/synchronotron.com\\\/index.php\\\/valum-votan\\\/#breadcrumb\",\"itemListElement\":[{\"@type\":\"ListItem\",\"position\":1,\"name\":\"In\u00edcio\",\"item\":\"https:\\\/\\\/synchronotron.com\\\/\"},{\"@type\":\"ListItem\",\"position\":2,\"name\":\"Valum Votan\"}]},{\"@type\":\"WebSite\",\"@id\":\"https:\\\/\\\/synchronotron.com\\\/#website\",\"url\":\"https:\\\/\\\/synchronotron.com\\\/\",\"name\":\"Synchronotron\",\"description\":\"\",\"publisher\":{\"@id\":\"https:\\\/\\\/synchronotron.com\\\/#organization\"},\"potentialAction\":[{\"@type\":\"SearchAction\",\"target\":{\"@type\":\"EntryPoint\",\"urlTemplate\":\"https:\\\/\\\/synchronotron.com\\\/?s={search_term_string}\"},\"query-input\":{\"@type\":\"PropertyValueSpecification\",\"valueRequired\":true,\"valueName\":\"search_term_string\"}}],\"inLanguage\":\"pt-BR\"},{\"@type\":\"Organization\",\"@id\":\"https:\\\/\\\/synchronotron.com\\\/#organization\",\"name\":\"Synchronotron\",\"url\":\"https:\\\/\\\/synchronotron.com\\\/\",\"logo\":{\"@type\":\"ImageObject\",\"inLanguage\":\"pt-BR\",\"@id\":\"https:\\\/\\\/synchronotron.com\\\/#\\\/schema\\\/logo\\\/image\\\/\",\"url\":\"https:\\\/\\\/synchronotron.com\\\/wp-content\\\/uploads\\\/2023\\\/08\\\/cropped-logo-synchonotron-1.png\",\"contentUrl\":\"https:\\\/\\\/synchronotron.com\\\/wp-content\\\/uploads\\\/2023\\\/08\\\/cropped-logo-synchonotron-1.png\",\"width\":837,\"height\":837,\"caption\":\"Synchronotron\"},\"image\":{\"@id\":\"https:\\\/\\\/synchronotron.com\\\/#\\\/schema\\\/logo\\\/image\\\/\"}}]}<\/script>\n<!-- \/ Yoast SEO plugin. -->","yoast_head_json":{"title":"Valum Votan - Synchronotron","robots":{"index":"index","follow":"follow","max-snippet":"max-snippet:-1","max-image-preview":"max-image-preview:large","max-video-preview":"max-video-preview:-1"},"canonical":"https:\/\/synchronotron.com\/index.php\/valum-votan\/","og_locale":"pt_BR","og_type":"article","og_title":"Valum Votan - Synchronotron","og_description":"Semin\u00e1rio de Treinamento Avan\u00e7ado dos Magos da Terra Por: Valum Votan &#8211; em Cisternino, It\u00e1lia &#8211; Synchronotron Dia 01 &#8211; Per\u00edodo Manh\u00e3 Seu navegador n\u00e3o suporta o elemento de \u00e1udio. Dia 01 &#8211; Per\u00edodo Tarde Seu navegador n\u00e3o suporta o elemento de \u00e1udio. Dia 02 &#8211; Per\u00edodo Manh\u00e3 Seu navegador n\u00e3o suporta o elemento de&hellip;","og_url":"https:\/\/synchronotron.com\/index.php\/valum-votan\/","og_site_name":"Synchronotron","article_modified_time":"2025-12-09T12:52:03+00:00","twitter_card":"summary_large_image","twitter_misc":{"Est. tempo de leitura":"2 minutos"},"schema":{"@context":"https:\/\/schema.org","@graph":[{"@type":"WebPage","@id":"https:\/\/synchronotron.com\/index.php\/valum-votan\/","url":"https:\/\/synchronotron.com\/index.php\/valum-votan\/","name":"Valum Votan - Synchronotron","isPartOf":{"@id":"https:\/\/synchronotron.com\/#website"},"datePublished":"2024-12-28T00:58:04+00:00","dateModified":"2025-12-09T12:52:03+00:00","breadcrumb":{"@id":"https:\/\/synchronotron.com\/index.php\/valum-votan\/#breadcrumb"},"inLanguage":"pt-BR","potentialAction":[{"@type":"ReadAction","target":["https:\/\/synchronotron.com\/index.php\/valum-votan\/"]}]},{"@type":"BreadcrumbList","@id":"https:\/\/synchronotron.com\/index.php\/valum-votan\/#breadcrumb","itemListElement":[{"@type":"ListItem","position":1,"name":"In\u00edcio","item":"https:\/\/synchronotron.com\/"},{"@type":"ListItem","position":2,"name":"Valum Votan"}]},{"@type":"WebSite","@id":"https:\/\/synchronotron.com\/#website","url":"https:\/\/synchronotron.com\/","name":"Synchronotron","description":"","publisher":{"@id":"https:\/\/synchronotron.com\/#organization"},"potentialAction":[{"@type":"SearchAction","target":{"@type":"EntryPoint","urlTemplate":"https:\/\/synchronotron.com\/?s={search_term_string}"},"query-input":{"@type":"PropertyValueSpecification","valueRequired":true,"valueName":"search_term_string"}}],"inLanguage":"pt-BR"},{"@type":"Organization","@id":"https:\/\/synchronotron.com\/#organization","name":"Synchronotron","url":"https:\/\/synchronotron.com\/","logo":{"@type":"ImageObject","inLanguage":"pt-BR","@id":"https:\/\/synchronotron.com\/#\/schema\/logo\/image\/","url":"https:\/\/synchronotron.com\/wp-content\/uploads\/2023\/08\/cropped-logo-synchonotron-1.png","contentUrl":"https:\/\/synchronotron.com\/wp-content\/uploads\/2023\/08\/cropped-logo-synchonotron-1.png","width":837,"height":837,"caption":"Synchronotron"},"image":{"@id":"https:\/\/synchronotron.com\/#\/schema\/logo\/image\/"}}]}},"campaignId":"","_links":{"self":[{"href":"https:\/\/synchronotron.com\/index.php\/wp-json\/wp\/v2\/pages\/12225","targetHints":{"allow":["GET"]}}],"collection":[{"href":"https:\/\/synchronotron.com\/index.php\/wp-json\/wp\/v2\/pages"}],"about":[{"href":"https:\/\/synchronotron.com\/index.php\/wp-json\/wp\/v2\/types\/page"}],"author":[{"embeddable":true,"href":"https:\/\/synchronotron.com\/index.php\/wp-json\/wp\/v2\/users\/2"}],"replies":[{"embeddable":true,"href":"https:\/\/synchronotron.com\/index.php\/wp-json\/wp\/v2\/comments?post=12225"}],"version-history":[{"count":66,"href":"https:\/\/synchronotron.com\/index.php\/wp-json\/wp\/v2\/pages\/12225\/revisions"}],"predecessor-version":[{"id":20616,"href":"https:\/\/synchronotron.com\/index.php\/wp-json\/wp\/v2\/pages\/12225\/revisions\/20616"}],"wp:attachment":[{"href":"https:\/\/synchronotron.com\/index.php\/wp-json\/wp\/v2\/media?parent=12225"}],"curies":[{"name":"wp","href":"https:\/\/api.w.org\/{rel}","templated":true}]}}