{"id":17277,"date":"2025-07-07T13:19:52","date_gmt":"2025-07-07T16:19:52","guid":{"rendered":"https:\/\/synchronotron.com\/?page_id=17277"},"modified":"2025-07-07T13:22:48","modified_gmt":"2025-07-07T16:22:48","slug":"escola-synchronotron-copy","status":"publish","type":"page","link":"https:\/\/synchronotron.com\/index.php\/escola-synchronotron-copy\/","title":{"rendered":"Escola Synchronotron &#8211; Inicia\u00e7\u00e3o Telep\u00e1tica"},"content":{"rendered":"\t\t<div data-elementor-type=\"wp-page\" data-elementor-id=\"17277\" class=\"elementor elementor-17277\">\n\t\t\t\t<div class=\"elementor-element elementor-element-adcb457 e-flex e-con-boxed e-con e-parent\" data-id=\"adcb457\" data-element_type=\"container\" data-e-type=\"container\">\n\t\t\t\t\t<div class=\"e-con-inner\">\n\t\t<div class=\"elementor-element elementor-element-20eb94a e-con-full e-flex e-con e-child\" data-id=\"20eb94a\" data-element_type=\"container\" data-e-type=\"container\">\n\t\t\t\t<div class=\"elementor-element elementor-element-724503f elementor-widget elementor-widget-spacer\" data-id=\"724503f\" data-element_type=\"widget\" data-e-type=\"widget\" data-widget_type=\"spacer.default\">\n\t\t\t\t<div class=\"elementor-widget-container\">\n\t\t\t\t\t\t\t<div class=\"elementor-spacer\">\n\t\t\t<div class=\"elementor-spacer-inner\"><\/div>\n\t\t<\/div>\n\t\t\t\t\t\t<\/div>\n\t\t\t\t<\/div>\n\t\t\t\t<div class=\"elementor-element elementor-element-0a2b38b elementor-widget elementor-widget-heading\" data-id=\"0a2b38b\" data-element_type=\"widget\" data-e-type=\"widget\" data-widget_type=\"heading.default\">\n\t\t\t\t<div class=\"elementor-widget-container\">\n\t\t\t\t\t<h2 class=\"elementor-heading-title elementor-size-default\"><font style=\"vertical-align: inherit\"><\/font>Cursos<\/h2>\t\t\t\t<\/div>\n\t\t\t\t<\/div>\n\t\t\t\t<\/div>\n\t\t\t\t\t<\/div>\n\t\t\t\t<\/div>\n\t\t<div class=\"elementor-element elementor-element-cf8fb39 e-flex e-con-boxed e-con e-parent\" data-id=\"cf8fb39\" data-element_type=\"container\" data-e-type=\"container\">\n\t\t\t\t\t<div class=\"e-con-inner\">\n\t\t<div class=\"elementor-element elementor-element-33c7b0f e-con-full e-flex e-con e-child\" data-id=\"33c7b0f\" data-element_type=\"container\" data-e-type=\"container\">\n\t\t\t\t<div class=\"elementor-element elementor-element-25dca77 elementor-widget elementor-widget-image\" data-id=\"25dca77\" data-element_type=\"widget\" data-e-type=\"widget\" data-widget_type=\"image.default\">\n\t\t\t\t<div class=\"elementor-widget-container\">\n\t\t\t\t\t\t\t\t\t\t\t\t\t\t\t<img decoding=\"async\" width=\"150\" height=\"150\" src=\"https:\/\/synchronotron.com\/wp-content\/uploads\/2025\/06\/imagem-iniciacao-1-150x150.png\" class=\"attachment-thumbnail size-thumbnail wp-image-17020\" alt=\"\" srcset=\"https:\/\/synchronotron.com\/wp-content\/uploads\/2025\/06\/imagem-iniciacao-1-150x150.png 150w, https:\/\/synchronotron.com\/wp-content\/uploads\/2025\/06\/imagem-iniciacao-1-300x300.png 300w, https:\/\/synchronotron.com\/wp-content\/uploads\/2025\/06\/imagem-iniciacao-1-100x100.png 100w, https:\/\/synchronotron.com\/wp-content\/uploads\/2025\/06\/imagem-iniciacao-1-50x50.png 50w, https:\/\/synchronotron.com\/wp-content\/uploads\/2025\/06\/imagem-iniciacao-1.png 564w\" sizes=\"(max-width: 150px) 100vw, 150px\" \/>\t\t\t\t\t\t\t\t\t\t\t\t\t\t\t<\/div>\n\t\t\t\t<\/div>\n\t\t\t\t<div class=\"elementor-element elementor-element-5267268 elementor-widget__width-inherit elementor-widget elementor-widget-text-editor\" data-id=\"5267268\" data-element_type=\"widget\" data-e-type=\"widget\" data-widget_type=\"text-editor.default\">\n\t\t\t\t<div class=\"elementor-widget-container\">\n\t\t\t\t\t\t\t\t\t<h6>\u00a0<\/h6><h2>Curso Inicia\u00e7\u00e3o Tele-p\u00e1tica<\/h2><div>Ative o Potencial da Mente Superior.<\/div><div>Uma jornada interativa em 8 aulas para despertar a consci\u00eancia multidimensional e sintonizar com as matrizes telep\u00e1ticas do Synchronotron.\u00a0<\/div>\t\t\t\t\t\t\t\t<\/div>\n\t\t\t\t<\/div>\n\t\t\t\t<div class=\"elementor-element elementor-element-52bb4d4 elementor-widget elementor-widget-text-editor\" data-id=\"52bb4d4\" data-element_type=\"widget\" data-e-type=\"widget\" data-widget_type=\"text-editor.default\">\n\t\t\t\t<div class=\"elementor-widget-container\">\n\t\t\t\t\t\t\t\t\t<div>***ACESSO POR 1 ANEL = 365 DIAS***<\/div><div>\u00a0<\/div><div>\ud83c\udf00 O que voc\u00ea vai encontrar:<\/div><div>\u2728 8 aulas interativas, cuidadosamente estruturadas para sua expans\u00e3o interior<\/div><div>\u2728 Prazo de 3 luas (aproximadamente 3 meses) para voc\u00ea completar no seu ritmo<\/div><div>\u2728 Acesso a materiais em PDF prontos para impress\u00e3o, incluindo as principais matrizes:<\/div><div>\u2022Matriz do Tempo<\/div><div>\u2022Matriz Sincr\u00f4nica<\/div><div>\u2022Matriz do Espa\u00e7o<\/div><div>\u2022Matriz Base<\/div><div>\u2022Matriz 441 (Holomente)<\/div><div>\u00a0<\/div><div>\u00a0Uma viv\u00eancia profunda com o campo telep\u00e1tico universal, para aqueles que sentem o chamado do novo tempo e querem mergulhar na matem\u00e1tica sagrada da mente superior.<\/div><div>\u00a0<\/div><div>\u00a0Est\u00e1 pronto para alinhar sua mente \u00e0 Frequ\u00eancia 13:20?<\/div>\t\t\t\t\t\t\t\t<\/div>\n\t\t\t\t<\/div>\n\t\t\t\t<div class=\"elementor-element elementor-element-3b131e6 elementor-align-center elementor-widget elementor-widget-button\" data-id=\"3b131e6\" data-element_type=\"widget\" data-e-type=\"widget\" data-widget_type=\"button.default\">\n\t\t\t\t<div class=\"elementor-widget-container\">\n\t\t\t\t\t\t\t\t\t<div class=\"elementor-button-wrapper\">\n\t\t\t\t\t<a class=\"elementor-button elementor-button-link elementor-size-md\" href=\"https:\/\/synchronotron.com\/index.php\/product\/curso-de-iniciacao-telepatica\/\">\n\t\t\t\t\t\t<span class=\"elementor-button-content-wrapper\">\n\t\t\t\t\t\t\t\t\t<span class=\"elementor-button-text\">Consciente <BR>- R$ 291<\/span>\n\t\t\t\t\t<\/span>\n\t\t\t\t\t<\/a>\n\t\t\t\t<\/div>\n\t\t\t\t\t\t\t\t<\/div>\n\t\t\t\t<\/div>\n\t\t\t\t<\/div>\n\t\t\t\t\t<\/div>\n\t\t\t\t<\/div>\n\t\t\t\t<\/div>\n\t\t","protected":false},"excerpt":{"rendered":"<p>Cursos \u00a0 Curso Inicia\u00e7\u00e3o Tele-p\u00e1tica Ative o Potencial da Mente Superior.Uma jornada interativa em 8 aulas para despertar a consci\u00eancia multidimensional e sintonizar com as matrizes telep\u00e1ticas do Synchronotron.\u00a0***ACESSO POR 1 ANEL = 365 DIAS***\u00a0\ud83c\udf00 O que voc\u00ea vai encontrar:\u2728 8 aulas interativas, cuidadosamente estruturadas para sua expans\u00e3o interior\u2728 Prazo de 3 luas (aproximadamente 3&hellip;<\/p>\n","protected":false},"author":16,"featured_media":0,"parent":0,"menu_order":0,"comment_status":"closed","ping_status":"closed","template":"","meta":{"_acf_changed":false,"give_campaign_id":0,"_eb_attr":"","om_disable_all_campaigns":false,"_exactmetrics_skip_tracking":false,"_exactmetrics_sitenote_active":false,"_exactmetrics_sitenote_note":"","_exactmetrics_sitenote_category":0,"_uf_show_specific_survey":0,"_uf_disable_surveys":false,"iawp_total_views":168,"footnotes":""},"class_list":["post-17277","page","type-page","status-publish","hentry"],"acf":[],"yoast_head":"<!-- This site is optimized with the Yoast SEO plugin v27.5 - https:\/\/yoast.com\/product\/yoast-seo-wordpress\/ -->\n<title>Escola Synchronotron - Inicia\u00e7\u00e3o Telep\u00e1tica - Synchronotron<\/title>\n<meta name=\"robots\" content=\"index, follow, max-snippet:-1, max-image-preview:large, max-video-preview:-1\" \/>\n<link rel=\"canonical\" href=\"https:\/\/synchronotron.com\/index.php\/escola-synchronotron-copy\/\" \/>\n<meta property=\"og:locale\" content=\"pt_BR\" \/>\n<meta property=\"og:type\" content=\"article\" \/>\n<meta property=\"og:title\" content=\"Escola Synchronotron - Inicia\u00e7\u00e3o Telep\u00e1tica - Synchronotron\" \/>\n<meta property=\"og:description\" content=\"Cursos \u00a0 Curso Inicia\u00e7\u00e3o Tele-p\u00e1tica Ative o Potencial da Mente Superior.Uma jornada interativa em 8 aulas para despertar a consci\u00eancia multidimensional e sintonizar com as matrizes telep\u00e1ticas do Synchronotron.\u00a0***ACESSO POR 1 ANEL = 365 DIAS***\u00a0\ud83c\udf00 O que voc\u00ea vai encontrar:\u2728 8 aulas interativas, cuidadosamente estruturadas para sua expans\u00e3o interior\u2728 Prazo de 3 luas (aproximadamente 3&hellip;\" \/>\n<meta property=\"og:url\" content=\"https:\/\/synchronotron.com\/index.php\/escola-synchronotron-copy\/\" \/>\n<meta property=\"og:site_name\" content=\"Synchronotron\" \/>\n<meta property=\"article:modified_time\" content=\"2025-07-07T16:22:48+00:00\" \/>\n<meta property=\"og:image\" content=\"https:\/\/synchronotron.com\/wp-content\/uploads\/2025\/06\/imagem-iniciacao-1.png\" \/>\n\t<meta property=\"og:image:width\" content=\"564\" \/>\n\t<meta property=\"og:image:height\" content=\"566\" \/>\n\t<meta property=\"og:image:type\" content=\"image\/png\" \/>\n<meta name=\"twitter:card\" content=\"summary_large_image\" \/>\n<meta name=\"twitter:label1\" content=\"Est. tempo de leitura\" \/>\n\t<meta name=\"twitter:data1\" content=\"8 minutos\" \/>\n<script type=\"application\/ld+json\" class=\"yoast-schema-graph\">{\"@context\":\"https:\\\/\\\/schema.org\",\"@graph\":[{\"@type\":\"WebPage\",\"@id\":\"https:\\\/\\\/synchronotron.com\\\/index.php\\\/escola-synchronotron-copy\\\/\",\"url\":\"https:\\\/\\\/synchronotron.com\\\/index.php\\\/escola-synchronotron-copy\\\/\",\"name\":\"Escola Synchronotron - Inicia\u00e7\u00e3o Telep\u00e1tica - Synchronotron\",\"isPartOf\":{\"@id\":\"https:\\\/\\\/synchronotron.com\\\/#website\"},\"primaryImageOfPage\":{\"@id\":\"https:\\\/\\\/synchronotron.com\\\/index.php\\\/escola-synchronotron-copy\\\/#primaryimage\"},\"image\":{\"@id\":\"https:\\\/\\\/synchronotron.com\\\/index.php\\\/escola-synchronotron-copy\\\/#primaryimage\"},\"thumbnailUrl\":\"https:\\\/\\\/synchronotron.com\\\/wp-content\\\/uploads\\\/2025\\\/06\\\/imagem-iniciacao-1-150x150.png\",\"datePublished\":\"2025-07-07T16:19:52+00:00\",\"dateModified\":\"2025-07-07T16:22:48+00:00\",\"breadcrumb\":{\"@id\":\"https:\\\/\\\/synchronotron.com\\\/index.php\\\/escola-synchronotron-copy\\\/#breadcrumb\"},\"inLanguage\":\"pt-BR\",\"potentialAction\":[{\"@type\":\"ReadAction\",\"target\":[\"https:\\\/\\\/synchronotron.com\\\/index.php\\\/escola-synchronotron-copy\\\/\"]}]},{\"@type\":\"ImageObject\",\"inLanguage\":\"pt-BR\",\"@id\":\"https:\\\/\\\/synchronotron.com\\\/index.php\\\/escola-synchronotron-copy\\\/#primaryimage\",\"url\":\"https:\\\/\\\/synchronotron.com\\\/wp-content\\\/uploads\\\/2025\\\/06\\\/imagem-iniciacao-1.png\",\"contentUrl\":\"https:\\\/\\\/synchronotron.com\\\/wp-content\\\/uploads\\\/2025\\\/06\\\/imagem-iniciacao-1.png\",\"width\":564,\"height\":566},{\"@type\":\"BreadcrumbList\",\"@id\":\"https:\\\/\\\/synchronotron.com\\\/index.php\\\/escola-synchronotron-copy\\\/#breadcrumb\",\"itemListElement\":[{\"@type\":\"ListItem\",\"position\":1,\"name\":\"In\u00edcio\",\"item\":\"https:\\\/\\\/synchronotron.com\\\/\"},{\"@type\":\"ListItem\",\"position\":2,\"name\":\"Escola Synchronotron &#8211; Inicia\u00e7\u00e3o Telep\u00e1tica\"}]},{\"@type\":\"WebSite\",\"@id\":\"https:\\\/\\\/synchronotron.com\\\/#website\",\"url\":\"https:\\\/\\\/synchronotron.com\\\/\",\"name\":\"Synchronotron\",\"description\":\"\",\"publisher\":{\"@id\":\"https:\\\/\\\/synchronotron.com\\\/#organization\"},\"potentialAction\":[{\"@type\":\"SearchAction\",\"target\":{\"@type\":\"EntryPoint\",\"urlTemplate\":\"https:\\\/\\\/synchronotron.com\\\/?s={search_term_string}\"},\"query-input\":{\"@type\":\"PropertyValueSpecification\",\"valueRequired\":true,\"valueName\":\"search_term_string\"}}],\"inLanguage\":\"pt-BR\"},{\"@type\":\"Organization\",\"@id\":\"https:\\\/\\\/synchronotron.com\\\/#organization\",\"name\":\"Synchronotron\",\"url\":\"https:\\\/\\\/synchronotron.com\\\/\",\"logo\":{\"@type\":\"ImageObject\",\"inLanguage\":\"pt-BR\",\"@id\":\"https:\\\/\\\/synchronotron.com\\\/#\\\/schema\\\/logo\\\/image\\\/\",\"url\":\"https:\\\/\\\/synchronotron.com\\\/wp-content\\\/uploads\\\/2023\\\/08\\\/cropped-logo-synchonotron-1.png\",\"contentUrl\":\"https:\\\/\\\/synchronotron.com\\\/wp-content\\\/uploads\\\/2023\\\/08\\\/cropped-logo-synchonotron-1.png\",\"width\":837,\"height\":837,\"caption\":\"Synchronotron\"},\"image\":{\"@id\":\"https:\\\/\\\/synchronotron.com\\\/#\\\/schema\\\/logo\\\/image\\\/\"}}]}<\/script>\n<!-- \/ Yoast SEO plugin. -->","yoast_head_json":{"title":"Escola Synchronotron - Inicia\u00e7\u00e3o Telep\u00e1tica - Synchronotron","robots":{"index":"index","follow":"follow","max-snippet":"max-snippet:-1","max-image-preview":"max-image-preview:large","max-video-preview":"max-video-preview:-1"},"canonical":"https:\/\/synchronotron.com\/index.php\/escola-synchronotron-copy\/","og_locale":"pt_BR","og_type":"article","og_title":"Escola Synchronotron - Inicia\u00e7\u00e3o Telep\u00e1tica - Synchronotron","og_description":"Cursos \u00a0 Curso Inicia\u00e7\u00e3o Tele-p\u00e1tica Ative o Potencial da Mente Superior.Uma jornada interativa em 8 aulas para despertar a consci\u00eancia multidimensional e sintonizar com as matrizes telep\u00e1ticas do Synchronotron.\u00a0***ACESSO POR 1 ANEL = 365 DIAS***\u00a0\ud83c\udf00 O que voc\u00ea vai encontrar:\u2728 8 aulas interativas, cuidadosamente estruturadas para sua expans\u00e3o interior\u2728 Prazo de 3 luas (aproximadamente 3&hellip;","og_url":"https:\/\/synchronotron.com\/index.php\/escola-synchronotron-copy\/","og_site_name":"Synchronotron","article_modified_time":"2025-07-07T16:22:48+00:00","og_image":[{"width":564,"height":566,"url":"https:\/\/synchronotron.com\/wp-content\/uploads\/2025\/06\/imagem-iniciacao-1.png","type":"image\/png"}],"twitter_card":"summary_large_image","twitter_misc":{"Est. tempo de leitura":"8 minutos"},"schema":{"@context":"https:\/\/schema.org","@graph":[{"@type":"WebPage","@id":"https:\/\/synchronotron.com\/index.php\/escola-synchronotron-copy\/","url":"https:\/\/synchronotron.com\/index.php\/escola-synchronotron-copy\/","name":"Escola Synchronotron - Inicia\u00e7\u00e3o Telep\u00e1tica - Synchronotron","isPartOf":{"@id":"https:\/\/synchronotron.com\/#website"},"primaryImageOfPage":{"@id":"https:\/\/synchronotron.com\/index.php\/escola-synchronotron-copy\/#primaryimage"},"image":{"@id":"https:\/\/synchronotron.com\/index.php\/escola-synchronotron-copy\/#primaryimage"},"thumbnailUrl":"https:\/\/synchronotron.com\/wp-content\/uploads\/2025\/06\/imagem-iniciacao-1-150x150.png","datePublished":"2025-07-07T16:19:52+00:00","dateModified":"2025-07-07T16:22:48+00:00","breadcrumb":{"@id":"https:\/\/synchronotron.com\/index.php\/escola-synchronotron-copy\/#breadcrumb"},"inLanguage":"pt-BR","potentialAction":[{"@type":"ReadAction","target":["https:\/\/synchronotron.com\/index.php\/escola-synchronotron-copy\/"]}]},{"@type":"ImageObject","inLanguage":"pt-BR","@id":"https:\/\/synchronotron.com\/index.php\/escola-synchronotron-copy\/#primaryimage","url":"https:\/\/synchronotron.com\/wp-content\/uploads\/2025\/06\/imagem-iniciacao-1.png","contentUrl":"https:\/\/synchronotron.com\/wp-content\/uploads\/2025\/06\/imagem-iniciacao-1.png","width":564,"height":566},{"@type":"BreadcrumbList","@id":"https:\/\/synchronotron.com\/index.php\/escola-synchronotron-copy\/#breadcrumb","itemListElement":[{"@type":"ListItem","position":1,"name":"In\u00edcio","item":"https:\/\/synchronotron.com\/"},{"@type":"ListItem","position":2,"name":"Escola Synchronotron &#8211; Inicia\u00e7\u00e3o Telep\u00e1tica"}]},{"@type":"WebSite","@id":"https:\/\/synchronotron.com\/#website","url":"https:\/\/synchronotron.com\/","name":"Synchronotron","description":"","publisher":{"@id":"https:\/\/synchronotron.com\/#organization"},"potentialAction":[{"@type":"SearchAction","target":{"@type":"EntryPoint","urlTemplate":"https:\/\/synchronotron.com\/?s={search_term_string}"},"query-input":{"@type":"PropertyValueSpecification","valueRequired":true,"valueName":"search_term_string"}}],"inLanguage":"pt-BR"},{"@type":"Organization","@id":"https:\/\/synchronotron.com\/#organization","name":"Synchronotron","url":"https:\/\/synchronotron.com\/","logo":{"@type":"ImageObject","inLanguage":"pt-BR","@id":"https:\/\/synchronotron.com\/#\/schema\/logo\/image\/","url":"https:\/\/synchronotron.com\/wp-content\/uploads\/2023\/08\/cropped-logo-synchonotron-1.png","contentUrl":"https:\/\/synchronotron.com\/wp-content\/uploads\/2023\/08\/cropped-logo-synchonotron-1.png","width":837,"height":837,"caption":"Synchronotron"},"image":{"@id":"https:\/\/synchronotron.com\/#\/schema\/logo\/image\/"}}]}},"campaignId":"","_links":{"self":[{"href":"https:\/\/synchronotron.com\/index.php\/wp-json\/wp\/v2\/pages\/17277","targetHints":{"allow":["GET"]}}],"collection":[{"href":"https:\/\/synchronotron.com\/index.php\/wp-json\/wp\/v2\/pages"}],"about":[{"href":"https:\/\/synchronotron.com\/index.php\/wp-json\/wp\/v2\/types\/page"}],"author":[{"embeddable":true,"href":"https:\/\/synchronotron.com\/index.php\/wp-json\/wp\/v2\/users\/16"}],"replies":[{"embeddable":true,"href":"https:\/\/synchronotron.com\/index.php\/wp-json\/wp\/v2\/comments?post=17277"}],"version-history":[{"count":0,"href":"https:\/\/synchronotron.com\/index.php\/wp-json\/wp\/v2\/pages\/17277\/revisions"}],"wp:attachment":[{"href":"https:\/\/synchronotron.com\/index.php\/wp-json\/wp\/v2\/media?parent=17277"}],"curies":[{"name":"wp","href":"https:\/\/api.w.org\/{rel}","templated":true}]}}