{"id":17362,"date":"2025-07-09T18:24:29","date_gmt":"2025-07-09T21:24:29","guid":{"rendered":"https:\/\/synchronotron.com\/?page_id=17362"},"modified":"2025-07-09T19:54:23","modified_gmt":"2025-07-09T22:54:23","slug":"mini-aulas-lei-do-tempo","status":"publish","type":"page","link":"https:\/\/synchronotron.com\/index.php\/mini-aulas-lei-do-tempo\/","title":{"rendered":"Mini-Aulas da Lei do Tempo"},"content":{"rendered":"\t\t<div data-elementor-type=\"wp-page\" data-elementor-id=\"17362\" class=\"elementor elementor-17362\">\n\t\t\t\t\t\t<section class=\"elementor-section elementor-top-section elementor-element elementor-element-a7aa2ff elementor-section-boxed elementor-section-height-default elementor-section-height-default\" data-id=\"a7aa2ff\" data-element_type=\"section\" data-e-type=\"section\">\n\t\t\t\t\t\t<div class=\"elementor-container elementor-column-gap-default\">\n\t\t\t\t\t<div class=\"elementor-column elementor-col-100 elementor-top-column elementor-element elementor-element-a20a22f\" data-id=\"a20a22f\" data-element_type=\"column\" data-e-type=\"column\">\n\t\t\t<div class=\"elementor-widget-wrap elementor-element-populated\">\n\t\t\t\t\t\t<div class=\"elementor-element elementor-element-eb6e8b8 elementor-widget elementor-widget-image\" data-id=\"eb6e8b8\" data-element_type=\"widget\" data-e-type=\"widget\" data-widget_type=\"image.default\">\n\t\t\t\t<div class=\"elementor-widget-container\">\n\t\t\t\t\t\t\t\t\t\t\t\t\t\t\t<img decoding=\"async\" width=\"150\" height=\"150\" src=\"https:\/\/synchronotron.com\/wp-content\/uploads\/2023\/08\/B52-flower-life-metatron-cube-150x150.jpg\" class=\"attachment-thumbnail size-thumbnail wp-image-485\" alt=\"\" srcset=\"https:\/\/synchronotron.com\/wp-content\/uploads\/2023\/08\/B52-flower-life-metatron-cube-150x150.jpg 150w, https:\/\/synchronotron.com\/wp-content\/uploads\/2023\/08\/B52-flower-life-metatron-cube-300x300.jpg 300w, https:\/\/synchronotron.com\/wp-content\/uploads\/2023\/08\/B52-flower-life-metatron-cube-100x100.jpg 100w, https:\/\/synchronotron.com\/wp-content\/uploads\/2023\/08\/B52-flower-life-metatron-cube.jpg 564w\" sizes=\"(max-width: 150px) 100vw, 150px\" \/>\t\t\t\t\t\t\t\t\t\t\t\t\t\t\t<\/div>\n\t\t\t\t<\/div>\n\t\t\t\t\t<\/div>\n\t\t<\/div>\n\t\t\t\t\t<\/div>\n\t\t<\/section>\n\t\t\t\t<section class=\"elementor-section elementor-top-section elementor-element elementor-element-0734ccf elementor-section-boxed elementor-section-height-default elementor-section-height-default\" data-id=\"0734ccf\" data-element_type=\"section\" data-e-type=\"section\">\n\t\t\t\t\t\t<div class=\"elementor-container elementor-column-gap-default\">\n\t\t\t\t\t<div class=\"elementor-column elementor-col-100 elementor-top-column elementor-element elementor-element-77cd1ca\" data-id=\"77cd1ca\" data-element_type=\"column\" data-e-type=\"column\">\n\t\t\t<div class=\"elementor-widget-wrap elementor-element-populated\">\n\t\t\t\t\t\t<div class=\"elementor-element elementor-element-2268114 elementor-widget elementor-widget-text-editor\" data-id=\"2268114\" data-element_type=\"widget\" data-e-type=\"widget\" data-widget_type=\"text-editor.default\">\n\t\t\t\t<div class=\"elementor-widget-container\">\n\t\t\t\t\t\t\t\t\t<p><strong>Descubra um novo jeito de aprender sobre a Lei do Tempo!<\/strong><\/p><p>Nosso blog agora conta com <strong>mini aulas escritas, curtas e f\u00e1ceis de entender<\/strong>, pensadas especialmente para quem quer mergulhar nesse universo de forma leve e pr\u00e1tica.<\/p><p><strong>Cada aula traz explica\u00e7\u00f5es simples, exemplos do dia a dia e dicas para aplicar os conceitos na sua rotina,<\/strong> mesmo que voc\u00ea nunca tenha ouvido falar do tema antes.<\/p><p>Voc\u00ea vai conhecer assuntos como o tempo natural, o calend\u00e1rio das 13 luas, os selos solares e at\u00e9 como a consci\u00eancia coletiva pode transformar nossa rela\u00e7\u00e3o com o planeta. As mini aulas s\u00e3o colaborativas: <strong>cada visitante do blog pode contribuir com seu olhar e experi\u00eancia <\/strong>atrav\u00e9s dos coment\u00e1rios sobre o tema.<\/p><p>Se voc\u00ea j\u00e1 se perguntou como seria <strong>viver em sintonia com os ciclos naturais<\/strong>, ou como pequenas mudan\u00e7as de percep\u00e7\u00e3o podem abrir portas para uma vida mais harm\u00f4nica, prepare-se para se surpreender.<\/p><p><strong>Navegue pelas nossas aulas e deixe a curiosidade te guiar<\/strong> \u2014 a pr\u00f3xima transforma\u00e7\u00e3o pode estar a apenas uma leitura de dist\u00e2ncia!<\/p>\t\t\t\t\t\t\t\t<\/div>\n\t\t\t\t<\/div>\n\t\t\t\t\t<\/div>\n\t\t<\/div>\n\t\t\t\t\t<\/div>\n\t\t<\/section>\n\t\t\t\t<section class=\"elementor-section elementor-top-section elementor-element elementor-element-f257e18 elementor-section-boxed elementor-section-height-default elementor-section-height-default\" data-id=\"f257e18\" data-element_type=\"section\" data-e-type=\"section\">\n\t\t\t\t\t\t<div class=\"elementor-container elementor-column-gap-default\">\n\t\t\t\t\t<div class=\"elementor-column elementor-col-100 elementor-top-column elementor-element elementor-element-184cf45\" data-id=\"184cf45\" data-element_type=\"column\" data-e-type=\"column\">\n\t\t\t<div class=\"elementor-widget-wrap elementor-element-populated\">\n\t\t\t\t\t\t<div class=\"elementor-element elementor-element-b4c34e4 elementor-widget-divider--view-line elementor-widget elementor-widget-divider\" data-id=\"b4c34e4\" data-element_type=\"widget\" data-e-type=\"widget\" data-widget_type=\"divider.default\">\n\t\t\t\t<div class=\"elementor-widget-container\">\n\t\t\t\t\t\t\t<div class=\"elementor-divider\">\n\t\t\t<span class=\"elementor-divider-separator\">\n\t\t\t\t\t\t<\/span>\n\t\t<\/div>\n\t\t\t\t\t\t<\/div>\n\t\t\t\t<\/div>\n\t\t\t\t\t<\/div>\n\t\t<\/div>\n\t\t\t\t\t<\/div>\n\t\t<\/section>\n\t\t<div class=\"elementor-element elementor-element-5845542 e-flex e-con-boxed e-con e-parent\" data-id=\"5845542\" data-element_type=\"container\" data-e-type=\"container\">\n\t\t\t\t\t<div class=\"e-con-inner\">\n\t\t\t\t<div class=\"elementor-element elementor-element-da2094f elementor-grid-eael-col-3 elementor-grid-tablet-eael-col-2 elementor-grid-mobile-eael-col-1 elementor-widget elementor-widget-eael-post-grid\" data-id=\"da2094f\" data-element_type=\"widget\" data-e-type=\"widget\" data-settings=\"{&quot;eael_post_grid_columns&quot;:&quot;eael-col-3&quot;,&quot;eael_post_grid_columns_tablet&quot;:&quot;eael-col-2&quot;,&quot;eael_post_grid_columns_mobile&quot;:&quot;eael-col-1&quot;}\" data-widget_type=\"eael-post-grid.default\">\n\t\t\t\t<div class=\"elementor-widget-container\">\n\t\t\t\t\t<div id=\"eael-post-grid-da2094f\" class=\"eael-post-grid-container\">\n            <div class=\"eael-post-grid eael-post-appender eael-post-appender-da2094f eael-post-grid-style-three\" data-layout-mode=\"masonry\"><article class=\"eael-grid-post  eael-post-grid-column eael-pg-post-19827 category-mini-aulas-lei-do-tempo-novidades\" data-id=\"19827\">\n        <div class=\"eael-grid-post-holder\">\n            <div class=\"eael-grid-post-holder-inner\"><div class=\"eael-entry-media\"><div class=\"eael-entry-overlay fade-in\"><i class=\"fas fa-long-arrow-alt-right\" aria-hidden=\"true\"><\/i><a href=\"https:\/\/synchronotron.com\/index.php\/2025\/11\/01\/mini-aula-ciclo-de-91-dias_7plasmas_13tons-da-onda-encantada\/\"><\/a><\/div><div class=\"eael-entry-thumbnail \">\n                 <img fetchpriority=\"high\" decoding=\"async\" width=\"402\" height=\"211\" src=\"https:\/\/synchronotron.com\/wp-content\/uploads\/2025\/11\/Mini-aula.png\" class=\"attachment-large size-large wp-image-19840\" alt=\"\" srcset=\"https:\/\/synchronotron.com\/wp-content\/uploads\/2025\/11\/Mini-aula.png 402w, https:\/\/synchronotron.com\/wp-content\/uploads\/2025\/11\/Mini-aula-300x157.png 300w\" sizes=\"(max-width: 402px) 100vw, 402px\" \/>\n             <\/div>\n        <\/div><div class=\"eael-entry-wrapper\"><header class=\"eael-entry-header\"><h2 class=\"eael-entry-title\"><a class=\"eael-grid-post-link\" href=\"https:\/\/synchronotron.com\/index.php\/2025\/11\/01\/mini-aula-ciclo-de-91-dias_7plasmas_13tons-da-onda-encantada\/\" title=\"Mini Aula: C\u00cdCLO DE 91 DIAS_7PLASMAS_13TONS DA ONDA ENCANTADA\">Mini Aula: C\u00cdCLO DE 91 DIAS_7PLASMAS_13TONS DA ONDA ENCANTADA<\/a><\/h2><\/header><div class=\"eael-entry-meta\"><span class=\"eael-posted-by\"><a href=\"https:\/\/synchronotron.com\/index.php\/author\/gerd\/\" title=\"Posts de Gerd\" rel=\"author\">Gerd<\/a><\/span><span class=\"eael-posted-on\"><time datetime=\"1 de novembro de 2025\">1 de novembro de 2025<\/time><\/span><\/div><div class=\"eael-entry-content\">\n                        <div class=\"eael-grid-post-excerpt\"><p>\u00a0\u00a0\u00a0\u00a0\u00a0<\/p><a href=\"https:\/\/synchronotron.com\/index.php\/2025\/11\/01\/mini-aula-ciclo-de-91-dias_7plasmas_13tons-da-onda-encantada\/\" class=\"eael-post-elements-readmore-btn\">Leia mais<\/a><\/div>\n                    <\/div><\/div><\/div>\n        <\/div>\n    <\/article><article class=\"eael-grid-post  eael-post-grid-column eael-pg-post-17916 category-mini-aulas-lei-do-tempo-novidades\" data-id=\"17916\">\n        <div class=\"eael-grid-post-holder\">\n            <div class=\"eael-grid-post-holder-inner\"><div class=\"eael-entry-media\"><div class=\"eael-entry-overlay fade-in\"><i class=\"fas fa-long-arrow-alt-right\" aria-hidden=\"true\"><\/i><a href=\"https:\/\/synchronotron.com\/index.php\/2025\/07\/31\/mini-aula-plasmas-radiais\/\"><\/a><\/div><div class=\"eael-entry-thumbnail \">\n                 <img decoding=\"async\" width=\"1024\" height=\"1024\" src=\"https:\/\/synchronotron.com\/wp-content\/uploads\/2025\/07\/Plasmas-imagens-todos-1024x1024.jpg\" class=\"attachment-large size-large wp-image-17934\" alt=\"\" srcset=\"https:\/\/synchronotron.com\/wp-content\/uploads\/2025\/07\/Plasmas-imagens-todos-1024x1024.jpg 1024w, https:\/\/synchronotron.com\/wp-content\/uploads\/2025\/07\/Plasmas-imagens-todos-300x300.jpg 300w, https:\/\/synchronotron.com\/wp-content\/uploads\/2025\/07\/Plasmas-imagens-todos-150x150.jpg 150w, https:\/\/synchronotron.com\/wp-content\/uploads\/2025\/07\/Plasmas-imagens-todos-768x768.jpg 768w, https:\/\/synchronotron.com\/wp-content\/uploads\/2025\/07\/Plasmas-imagens-todos-600x600.jpg 600w, https:\/\/synchronotron.com\/wp-content\/uploads\/2025\/07\/Plasmas-imagens-todos-100x100.jpg 100w, https:\/\/synchronotron.com\/wp-content\/uploads\/2025\/07\/Plasmas-imagens-todos-50x50.jpg 50w, https:\/\/synchronotron.com\/wp-content\/uploads\/2025\/07\/Plasmas-imagens-todos.jpg 1080w\" sizes=\"(max-width: 1024px) 100vw, 1024px\" \/>\n             <\/div>\n        <\/div><div class=\"eael-entry-wrapper\"><header class=\"eael-entry-header\"><h2 class=\"eael-entry-title\"><a class=\"eael-grid-post-link\" href=\"https:\/\/synchronotron.com\/index.php\/2025\/07\/31\/mini-aula-plasmas-radiais\/\" title=\"Mini Aula &#8211; PLASMAS RADIAIS\">Mini Aula &#8211; PLASMAS RADIAIS<\/a><\/h2><\/header><div class=\"eael-entry-meta\"><span class=\"eael-posted-by\"><a href=\"https:\/\/synchronotron.com\/index.php\/author\/annadiemeiergmail-com\/\" title=\"Posts de Anna Diemeier\" rel=\"author\">Anna Diemeier<\/a><\/span><span class=\"eael-posted-on\"><time datetime=\"31 de julho de 2025\">31 de julho de 2025<\/time><\/span><\/div><div class=\"eael-entry-content\">\n                        <div class=\"eael-grid-post-excerpt\"><p>Mini Aula: Plasmas Radiais Conte\u00fado 1.1 O que s\u00e3o os...<\/p><a href=\"https:\/\/synchronotron.com\/index.php\/2025\/07\/31\/mini-aula-plasmas-radiais\/\" class=\"eael-post-elements-readmore-btn\">Leia mais<\/a><\/div>\n                    <\/div><\/div><\/div>\n        <\/div>\n    <\/article><article class=\"eael-grid-post  eael-post-grid-column eael-pg-post-17464 category-mini-aulas-lei-do-tempo-novidades\" data-id=\"17464\">\n        <div class=\"eael-grid-post-holder\">\n            <div class=\"eael-grid-post-holder-inner\"><div class=\"eael-entry-media\"><div class=\"eael-entry-overlay fade-in\"><i class=\"fas fa-long-arrow-alt-right\" aria-hidden=\"true\"><\/i><a href=\"https:\/\/synchronotron.com\/index.php\/2025\/07\/13\/mini-aula-tempo-o-tempo-no-sentido-cientifico-e-na-visao-da-lei-do-tempo\/\"><\/a><\/div><div class=\"eael-entry-thumbnail \">\n                 <img loading=\"lazy\" decoding=\"async\" width=\"488\" height=\"373\" src=\"https:\/\/synchronotron.com\/wp-content\/uploads\/2025\/07\/250713_imagem-mini-aula-1.png\" class=\"attachment-large size-large wp-image-17465\" alt=\"\" srcset=\"https:\/\/synchronotron.com\/wp-content\/uploads\/2025\/07\/250713_imagem-mini-aula-1.png 488w, https:\/\/synchronotron.com\/wp-content\/uploads\/2025\/07\/250713_imagem-mini-aula-1-300x229.png 300w\" sizes=\"(max-width: 488px) 100vw, 488px\" \/>\n             <\/div>\n        <\/div><div class=\"eael-entry-wrapper\"><header class=\"eael-entry-header\"><h2 class=\"eael-entry-title\"><a class=\"eael-grid-post-link\" href=\"https:\/\/synchronotron.com\/index.php\/2025\/07\/13\/mini-aula-tempo-o-tempo-no-sentido-cientifico-e-na-visao-da-lei-do-tempo\/\" title=\"Mini Aula &#8211; Tempo: O Tempo na Vis\u00e3o Cient\u00edfica Comum vs Lei do Tempo\">Mini Aula &#8211; Tempo: O Tempo na Vis\u00e3o Cient\u00edfica Comum vs Lei do Tempo<\/a><\/h2><\/header><div class=\"eael-entry-meta\"><span class=\"eael-posted-by\"><a href=\"https:\/\/synchronotron.com\/index.php\/author\/gerd\/\" title=\"Posts de Gerd\" rel=\"author\">Gerd<\/a><\/span><span class=\"eael-posted-on\"><time datetime=\"13 de julho de 2025\">13 de julho de 2025<\/time><\/span><\/div><div class=\"eael-entry-content\">\n                        <div class=\"eael-grid-post-excerpt\"><p>Mini Aula &#8211; Tempo: O Tempo na Vis\u00e3o Cient\u00edfica vs...<\/p><a href=\"https:\/\/synchronotron.com\/index.php\/2025\/07\/13\/mini-aula-tempo-o-tempo-no-sentido-cientifico-e-na-visao-da-lei-do-tempo\/\" class=\"eael-post-elements-readmore-btn\">Leia mais<\/a><\/div>\n                    <\/div><\/div><\/div>\n        <\/div>\n    <\/article><article class=\"eael-grid-post  eael-post-grid-column eael-pg-post-17387 category-mini-aulas-lei-do-tempo-novidades\" data-id=\"17387\">\n        <div class=\"eael-grid-post-holder\">\n            <div class=\"eael-grid-post-holder-inner\"><div class=\"eael-entry-media\"><div class=\"eael-entry-overlay fade-in\"><i class=\"fas fa-long-arrow-alt-right\" aria-hidden=\"true\"><\/i><a href=\"https:\/\/synchronotron.com\/index.php\/2025\/07\/09\/noosfera\/\"><\/a><\/div><div class=\"eael-entry-thumbnail \">\n                 <img loading=\"lazy\" decoding=\"async\" width=\"1024\" height=\"1024\" src=\"https:\/\/synchronotron.com\/wp-content\/uploads\/2025\/07\/noosfera.png\" class=\"attachment-large size-large wp-image-17390\" alt=\"\" srcset=\"https:\/\/synchronotron.com\/wp-content\/uploads\/2025\/07\/noosfera.png 1024w, https:\/\/synchronotron.com\/wp-content\/uploads\/2025\/07\/noosfera-300x300.png 300w, https:\/\/synchronotron.com\/wp-content\/uploads\/2025\/07\/noosfera-150x150.png 150w, https:\/\/synchronotron.com\/wp-content\/uploads\/2025\/07\/noosfera-768x768.png 768w, https:\/\/synchronotron.com\/wp-content\/uploads\/2025\/07\/noosfera-600x600.png 600w, https:\/\/synchronotron.com\/wp-content\/uploads\/2025\/07\/noosfera-100x100.png 100w, https:\/\/synchronotron.com\/wp-content\/uploads\/2025\/07\/noosfera-50x50.png 50w\" sizes=\"(max-width: 1024px) 100vw, 1024px\" \/>\n             <\/div>\n        <\/div><div class=\"eael-entry-wrapper\"><header class=\"eael-entry-header\"><h2 class=\"eael-entry-title\"><a class=\"eael-grid-post-link\" href=\"https:\/\/synchronotron.com\/index.php\/2025\/07\/09\/noosfera\/\" title=\"Mini Aula &#8211; Noosfera\">Mini Aula &#8211; Noosfera<\/a><\/h2><\/header><div class=\"eael-entry-meta\"><span class=\"eael-posted-by\"><a href=\"https:\/\/synchronotron.com\/index.php\/author\/gerd\/\" title=\"Posts de Gerd\" rel=\"author\">Gerd<\/a><\/span><span class=\"eael-posted-on\"><time datetime=\"9 de julho de 2025\">9 de julho de 2025<\/time><\/span><\/div><div class=\"eael-entry-content\">\n                        <div class=\"eael-grid-post-excerpt\"><p>A noosfera, termo derivado do grego &#8220;nous&#8221; (mente) Mini Aula:...<\/p><a href=\"https:\/\/synchronotron.com\/index.php\/2025\/07\/09\/noosfera\/\" class=\"eael-post-elements-readmore-btn\">Leia mais<\/a><\/div>\n                    <\/div><\/div><\/div>\n        <\/div>\n    <\/article><\/div>\n            <div class=\"clearfix\"><\/div>\n        <\/div>\t\t\t\t<\/div>\n\t\t\t\t<\/div>\n\t\t\t\t\t<\/div>\n\t\t\t\t<\/div>\n\t\t\t\t<\/div>\n\t\t","protected":false},"excerpt":{"rendered":"<p>Descubra um novo jeito de aprender sobre a Lei do Tempo! Nosso blog agora conta com mini aulas escritas, curtas e f\u00e1ceis de entender, pensadas especialmente para quem quer mergulhar nesse universo de forma leve e pr\u00e1tica. Cada aula traz explica\u00e7\u00f5es simples, exemplos do dia a dia e dicas para aplicar os conceitos na sua&hellip;<\/p>\n","protected":false},"author":2,"featured_media":0,"parent":0,"menu_order":0,"comment_status":"closed","ping_status":"closed","template":"","meta":{"_acf_changed":false,"give_campaign_id":0,"_eb_attr":"","om_disable_all_campaigns":false,"_exactmetrics_skip_tracking":false,"_exactmetrics_sitenote_active":false,"_exactmetrics_sitenote_note":"","_exactmetrics_sitenote_category":0,"_uf_show_specific_survey":0,"_uf_disable_surveys":false,"iawp_total_views":88,"footnotes":""},"class_list":["post-17362","page","type-page","status-publish","hentry"],"acf":[],"yoast_head":"<!-- This site is optimized with the Yoast SEO plugin v27.5 - https:\/\/yoast.com\/product\/yoast-seo-wordpress\/ -->\n<title>Mini-Aulas da Lei do Tempo - Synchronotron<\/title>\n<meta name=\"robots\" content=\"index, follow, max-snippet:-1, max-image-preview:large, max-video-preview:-1\" \/>\n<link rel=\"canonical\" href=\"https:\/\/synchronotron.com\/index.php\/mini-aulas-lei-do-tempo\/\" \/>\n<meta property=\"og:locale\" content=\"pt_BR\" \/>\n<meta property=\"og:type\" content=\"article\" \/>\n<meta property=\"og:title\" content=\"Mini-Aulas da Lei do Tempo - Synchronotron\" \/>\n<meta property=\"og:description\" content=\"Descubra um novo jeito de aprender sobre a Lei do Tempo! Nosso blog agora conta com mini aulas escritas, curtas e f\u00e1ceis de entender, pensadas especialmente para quem quer mergulhar nesse universo de forma leve e pr\u00e1tica. Cada aula traz explica\u00e7\u00f5es simples, exemplos do dia a dia e dicas para aplicar os conceitos na sua&hellip;\" \/>\n<meta property=\"og:url\" content=\"https:\/\/synchronotron.com\/index.php\/mini-aulas-lei-do-tempo\/\" \/>\n<meta property=\"og:site_name\" content=\"Synchronotron\" \/>\n<meta property=\"article:modified_time\" content=\"2025-07-09T22:54:23+00:00\" \/>\n<meta property=\"og:image\" content=\"https:\/\/synchronotron.com\/wp-content\/uploads\/2023\/08\/B52-flower-life-metatron-cube.jpg\" \/>\n\t<meta property=\"og:image:width\" content=\"564\" \/>\n\t<meta property=\"og:image:height\" content=\"563\" \/>\n\t<meta property=\"og:image:type\" content=\"image\/jpeg\" \/>\n<meta name=\"twitter:card\" content=\"summary_large_image\" \/>\n<meta name=\"twitter:label1\" content=\"Est. tempo de leitura\" \/>\n\t<meta name=\"twitter:data1\" content=\"1 minuto\" \/>\n<script type=\"application\/ld+json\" class=\"yoast-schema-graph\">{\"@context\":\"https:\\\/\\\/schema.org\",\"@graph\":[{\"@type\":\"WebPage\",\"@id\":\"https:\\\/\\\/synchronotron.com\\\/index.php\\\/mini-aulas-lei-do-tempo\\\/\",\"url\":\"https:\\\/\\\/synchronotron.com\\\/index.php\\\/mini-aulas-lei-do-tempo\\\/\",\"name\":\"Mini-Aulas da Lei do Tempo - Synchronotron\",\"isPartOf\":{\"@id\":\"https:\\\/\\\/synchronotron.com\\\/#website\"},\"primaryImageOfPage\":{\"@id\":\"https:\\\/\\\/synchronotron.com\\\/index.php\\\/mini-aulas-lei-do-tempo\\\/#primaryimage\"},\"image\":{\"@id\":\"https:\\\/\\\/synchronotron.com\\\/index.php\\\/mini-aulas-lei-do-tempo\\\/#primaryimage\"},\"thumbnailUrl\":\"https:\\\/\\\/synchronotron.com\\\/wp-content\\\/uploads\\\/2023\\\/08\\\/B52-flower-life-metatron-cube-150x150.jpg\",\"datePublished\":\"2025-07-09T21:24:29+00:00\",\"dateModified\":\"2025-07-09T22:54:23+00:00\",\"breadcrumb\":{\"@id\":\"https:\\\/\\\/synchronotron.com\\\/index.php\\\/mini-aulas-lei-do-tempo\\\/#breadcrumb\"},\"inLanguage\":\"pt-BR\",\"potentialAction\":[{\"@type\":\"ReadAction\",\"target\":[\"https:\\\/\\\/synchronotron.com\\\/index.php\\\/mini-aulas-lei-do-tempo\\\/\"]}]},{\"@type\":\"ImageObject\",\"inLanguage\":\"pt-BR\",\"@id\":\"https:\\\/\\\/synchronotron.com\\\/index.php\\\/mini-aulas-lei-do-tempo\\\/#primaryimage\",\"url\":\"https:\\\/\\\/synchronotron.com\\\/wp-content\\\/uploads\\\/2023\\\/08\\\/B52-flower-life-metatron-cube.jpg\",\"contentUrl\":\"https:\\\/\\\/synchronotron.com\\\/wp-content\\\/uploads\\\/2023\\\/08\\\/B52-flower-life-metatron-cube.jpg\",\"width\":564,\"height\":563},{\"@type\":\"BreadcrumbList\",\"@id\":\"https:\\\/\\\/synchronotron.com\\\/index.php\\\/mini-aulas-lei-do-tempo\\\/#breadcrumb\",\"itemListElement\":[{\"@type\":\"ListItem\",\"position\":1,\"name\":\"In\u00edcio\",\"item\":\"https:\\\/\\\/synchronotron.com\\\/\"},{\"@type\":\"ListItem\",\"position\":2,\"name\":\"Mini-Aulas da Lei do Tempo\"}]},{\"@type\":\"WebSite\",\"@id\":\"https:\\\/\\\/synchronotron.com\\\/#website\",\"url\":\"https:\\\/\\\/synchronotron.com\\\/\",\"name\":\"Synchronotron\",\"description\":\"\",\"publisher\":{\"@id\":\"https:\\\/\\\/synchronotron.com\\\/#organization\"},\"potentialAction\":[{\"@type\":\"SearchAction\",\"target\":{\"@type\":\"EntryPoint\",\"urlTemplate\":\"https:\\\/\\\/synchronotron.com\\\/?s={search_term_string}\"},\"query-input\":{\"@type\":\"PropertyValueSpecification\",\"valueRequired\":true,\"valueName\":\"search_term_string\"}}],\"inLanguage\":\"pt-BR\"},{\"@type\":\"Organization\",\"@id\":\"https:\\\/\\\/synchronotron.com\\\/#organization\",\"name\":\"Synchronotron\",\"url\":\"https:\\\/\\\/synchronotron.com\\\/\",\"logo\":{\"@type\":\"ImageObject\",\"inLanguage\":\"pt-BR\",\"@id\":\"https:\\\/\\\/synchronotron.com\\\/#\\\/schema\\\/logo\\\/image\\\/\",\"url\":\"https:\\\/\\\/synchronotron.com\\\/wp-content\\\/uploads\\\/2023\\\/08\\\/cropped-logo-synchonotron-1.png\",\"contentUrl\":\"https:\\\/\\\/synchronotron.com\\\/wp-content\\\/uploads\\\/2023\\\/08\\\/cropped-logo-synchonotron-1.png\",\"width\":837,\"height\":837,\"caption\":\"Synchronotron\"},\"image\":{\"@id\":\"https:\\\/\\\/synchronotron.com\\\/#\\\/schema\\\/logo\\\/image\\\/\"}}]}<\/script>\n<!-- \/ Yoast SEO plugin. -->","yoast_head_json":{"title":"Mini-Aulas da Lei do Tempo - Synchronotron","robots":{"index":"index","follow":"follow","max-snippet":"max-snippet:-1","max-image-preview":"max-image-preview:large","max-video-preview":"max-video-preview:-1"},"canonical":"https:\/\/synchronotron.com\/index.php\/mini-aulas-lei-do-tempo\/","og_locale":"pt_BR","og_type":"article","og_title":"Mini-Aulas da Lei do Tempo - Synchronotron","og_description":"Descubra um novo jeito de aprender sobre a Lei do Tempo! Nosso blog agora conta com mini aulas escritas, curtas e f\u00e1ceis de entender, pensadas especialmente para quem quer mergulhar nesse universo de forma leve e pr\u00e1tica. Cada aula traz explica\u00e7\u00f5es simples, exemplos do dia a dia e dicas para aplicar os conceitos na sua&hellip;","og_url":"https:\/\/synchronotron.com\/index.php\/mini-aulas-lei-do-tempo\/","og_site_name":"Synchronotron","article_modified_time":"2025-07-09T22:54:23+00:00","og_image":[{"width":564,"height":563,"url":"https:\/\/synchronotron.com\/wp-content\/uploads\/2023\/08\/B52-flower-life-metatron-cube.jpg","type":"image\/jpeg"}],"twitter_card":"summary_large_image","twitter_misc":{"Est. tempo de leitura":"1 minuto"},"schema":{"@context":"https:\/\/schema.org","@graph":[{"@type":"WebPage","@id":"https:\/\/synchronotron.com\/index.php\/mini-aulas-lei-do-tempo\/","url":"https:\/\/synchronotron.com\/index.php\/mini-aulas-lei-do-tempo\/","name":"Mini-Aulas da Lei do Tempo - Synchronotron","isPartOf":{"@id":"https:\/\/synchronotron.com\/#website"},"primaryImageOfPage":{"@id":"https:\/\/synchronotron.com\/index.php\/mini-aulas-lei-do-tempo\/#primaryimage"},"image":{"@id":"https:\/\/synchronotron.com\/index.php\/mini-aulas-lei-do-tempo\/#primaryimage"},"thumbnailUrl":"https:\/\/synchronotron.com\/wp-content\/uploads\/2023\/08\/B52-flower-life-metatron-cube-150x150.jpg","datePublished":"2025-07-09T21:24:29+00:00","dateModified":"2025-07-09T22:54:23+00:00","breadcrumb":{"@id":"https:\/\/synchronotron.com\/index.php\/mini-aulas-lei-do-tempo\/#breadcrumb"},"inLanguage":"pt-BR","potentialAction":[{"@type":"ReadAction","target":["https:\/\/synchronotron.com\/index.php\/mini-aulas-lei-do-tempo\/"]}]},{"@type":"ImageObject","inLanguage":"pt-BR","@id":"https:\/\/synchronotron.com\/index.php\/mini-aulas-lei-do-tempo\/#primaryimage","url":"https:\/\/synchronotron.com\/wp-content\/uploads\/2023\/08\/B52-flower-life-metatron-cube.jpg","contentUrl":"https:\/\/synchronotron.com\/wp-content\/uploads\/2023\/08\/B52-flower-life-metatron-cube.jpg","width":564,"height":563},{"@type":"BreadcrumbList","@id":"https:\/\/synchronotron.com\/index.php\/mini-aulas-lei-do-tempo\/#breadcrumb","itemListElement":[{"@type":"ListItem","position":1,"name":"In\u00edcio","item":"https:\/\/synchronotron.com\/"},{"@type":"ListItem","position":2,"name":"Mini-Aulas da Lei do Tempo"}]},{"@type":"WebSite","@id":"https:\/\/synchronotron.com\/#website","url":"https:\/\/synchronotron.com\/","name":"Synchronotron","description":"","publisher":{"@id":"https:\/\/synchronotron.com\/#organization"},"potentialAction":[{"@type":"SearchAction","target":{"@type":"EntryPoint","urlTemplate":"https:\/\/synchronotron.com\/?s={search_term_string}"},"query-input":{"@type":"PropertyValueSpecification","valueRequired":true,"valueName":"search_term_string"}}],"inLanguage":"pt-BR"},{"@type":"Organization","@id":"https:\/\/synchronotron.com\/#organization","name":"Synchronotron","url":"https:\/\/synchronotron.com\/","logo":{"@type":"ImageObject","inLanguage":"pt-BR","@id":"https:\/\/synchronotron.com\/#\/schema\/logo\/image\/","url":"https:\/\/synchronotron.com\/wp-content\/uploads\/2023\/08\/cropped-logo-synchonotron-1.png","contentUrl":"https:\/\/synchronotron.com\/wp-content\/uploads\/2023\/08\/cropped-logo-synchonotron-1.png","width":837,"height":837,"caption":"Synchronotron"},"image":{"@id":"https:\/\/synchronotron.com\/#\/schema\/logo\/image\/"}}]}},"campaignId":"","_links":{"self":[{"href":"https:\/\/synchronotron.com\/index.php\/wp-json\/wp\/v2\/pages\/17362","targetHints":{"allow":["GET"]}}],"collection":[{"href":"https:\/\/synchronotron.com\/index.php\/wp-json\/wp\/v2\/pages"}],"about":[{"href":"https:\/\/synchronotron.com\/index.php\/wp-json\/wp\/v2\/types\/page"}],"author":[{"embeddable":true,"href":"https:\/\/synchronotron.com\/index.php\/wp-json\/wp\/v2\/users\/2"}],"replies":[{"embeddable":true,"href":"https:\/\/synchronotron.com\/index.php\/wp-json\/wp\/v2\/comments?post=17362"}],"version-history":[{"count":0,"href":"https:\/\/synchronotron.com\/index.php\/wp-json\/wp\/v2\/pages\/17362\/revisions"}],"wp:attachment":[{"href":"https:\/\/synchronotron.com\/index.php\/wp-json\/wp\/v2\/media?parent=17362"}],"curies":[{"name":"wp","href":"https:\/\/api.w.org\/{rel}","templated":true}]}}