{"id":17189,"date":"2025-07-04T23:28:18","date_gmt":"2025-07-05T02:28:18","guid":{"rendered":"https:\/\/synchronotron.com\/?post_type=product&#038;p=17189"},"modified":"2026-02-13T14:40:01","modified_gmt":"2026-02-13T17:40:01","slug":"curso-de-iniciacao-telepatica","status":"publish","type":"product","link":"https:\/\/synchronotron.com\/index.php\/product\/curso-de-iniciacao-telepatica\/","title":{"rendered":"Curso de Inicia\u00e7\u00e3o Telep\u00e1tica"},"content":{"rendered":"<h2>Curso Inicia\u00e7\u00e3o Tele-p\u00e1tica<\/h2>\n<div>Ative o Potencial da Mente Superior.<\/div>\n<div>Uma jornada interativa em 8 aulas para despertar a consci\u00eancia multidimensional e sintonizar com as matrizes telep\u00e1ticas do Synchronotron.<\/div>\n<div><\/div>\n<p>***ACESSO POR 1 ANEL = 365 DIAS***<\/p>\n<p>\ud83c\udf00 O que voc\u00ea vai encontrar:<br \/>\n\u2728 8 aulas interativas, cuidadosamente estruturadas para sua expans\u00e3o interior<br \/>\n\u2728 Prazo de 3 luas (aproximadamente 3 meses) para voc\u00ea completar no seu ritmo<br \/>\n\u2728 Acesso a materiais em PDF prontos para impress\u00e3o, incluindo as principais matrizes:<br \/>\n\u2022Matriz do Tempo<br \/>\n\u2022Matriz Sincr\u00f4nica<br \/>\n\u2022Matriz do Espa\u00e7o<br \/>\n\u2022Matriz Base<br \/>\n\u2022Matriz 441 (Holomente)<\/p>\n<p>Uma viv\u00eancia profunda com o campo telep\u00e1tico universal, para aqueles que sentem o chamado do novo tempo e querem mergulhar na matem\u00e1tica sagrada da mente superior.<\/p>\n<p>Est\u00e1 pronto para alinhar sua mente \u00e0 Frequ\u00eancia 13:20?<\/p>\n","protected":false},"excerpt":{"rendered":"<p>Curso Inicia\u00e7\u00e3o Tele-p\u00e1tica Ative o Potencial da Mente Superior. Uma jornada interativa em 8 aulas para despertar a consci\u00eancia multidimensional e sintonizar com as matrizes telep\u00e1ticas do Synchronotron. ***ACESSO POR 1 ANEL = 365 DIAS*** \ud83c\udf00 O que voc\u00ea vai encontrar: \u2728 8 aulas interativas, cuidadosamente estruturadas para sua expans\u00e3o interior \u2728 Prazo de 3&hellip;<\/p>\n","protected":false},"featured_media":17020,"template":"","meta":{"_acf_changed":false,"give_campaign_id":0,"_eb_attr":"","om_disable_all_campaigns":false,"_exactmetrics_skip_tracking":false,"_exactmetrics_sitenote_active":false,"_exactmetrics_sitenote_note":"","_exactmetrics_sitenote_category":0,"_uf_show_specific_survey":0,"_uf_disable_surveys":false,"iawp_total_views":45},"product_brand":[],"product_cat":[15],"product_tag":[],"class_list":{"0":"post-17189","1":"product","2":"type-product","3":"status-publish","4":"has-post-thumbnail","6":"product_cat-uncategorized","8":"first","9":"instock","10":"downloadable","11":"virtual","12":"purchasable","13":"product-type-simple"},"acf":[],"yoast_head":"<!-- This site is optimized with the Yoast SEO plugin v27.5 - https:\/\/yoast.com\/product\/yoast-seo-wordpress\/ -->\n<title>Curso de Inicia\u00e7\u00e3o Telep\u00e1tica - Synchronotron<\/title>\n<meta name=\"robots\" content=\"index, follow, max-snippet:-1, max-image-preview:large, max-video-preview:-1\" \/>\n<link rel=\"canonical\" href=\"https:\/\/synchronotron.com\/index.php\/product\/curso-de-iniciacao-telepatica\/\" \/>\n<meta property=\"og:locale\" content=\"pt_BR\" \/>\n<meta property=\"og:type\" content=\"article\" \/>\n<meta property=\"og:title\" content=\"Curso de Inicia\u00e7\u00e3o Telep\u00e1tica - Synchronotron\" \/>\n<meta property=\"og:description\" content=\"Curso Inicia\u00e7\u00e3o Tele-p\u00e1tica Ative o Potencial da Mente Superior. Uma jornada interativa em 8 aulas para despertar a consci\u00eancia multidimensional e sintonizar com as matrizes telep\u00e1ticas do Synchronotron. ***ACESSO POR 1 ANEL = 365 DIAS*** \ud83c\udf00 O que voc\u00ea vai encontrar: \u2728 8 aulas interativas, cuidadosamente estruturadas para sua expans\u00e3o interior \u2728 Prazo de 3&hellip;\" \/>\n<meta property=\"og:url\" content=\"https:\/\/synchronotron.com\/index.php\/product\/curso-de-iniciacao-telepatica\/\" \/>\n<meta property=\"og:site_name\" content=\"Synchronotron\" \/>\n<meta property=\"article:modified_time\" content=\"2026-02-13T17:40:01+00:00\" \/>\n<meta property=\"og:image\" content=\"https:\/\/synchronotron.com\/wp-content\/uploads\/2025\/06\/imagem-iniciacao-1.png\" \/>\n\t<meta property=\"og:image:width\" content=\"564\" \/>\n\t<meta property=\"og:image:height\" content=\"566\" \/>\n\t<meta property=\"og:image:type\" content=\"image\/png\" \/>\n<meta name=\"twitter:card\" content=\"summary_large_image\" \/>\n<meta name=\"twitter:label1\" content=\"Est. tempo de leitura\" \/>\n\t<meta name=\"twitter:data1\" content=\"1 minuto\" \/>\n<script type=\"application\/ld+json\" class=\"yoast-schema-graph\">{\"@context\":\"https:\\\/\\\/schema.org\",\"@graph\":[{\"@type\":\"WebPage\",\"@id\":\"https:\\\/\\\/synchronotron.com\\\/index.php\\\/product\\\/curso-de-iniciacao-telepatica\\\/\",\"url\":\"https:\\\/\\\/synchronotron.com\\\/index.php\\\/product\\\/curso-de-iniciacao-telepatica\\\/\",\"name\":\"Curso de Inicia\u00e7\u00e3o Telep\u00e1tica - Synchronotron\",\"isPartOf\":{\"@id\":\"https:\\\/\\\/synchronotron.com\\\/#website\"},\"primaryImageOfPage\":{\"@id\":\"https:\\\/\\\/synchronotron.com\\\/index.php\\\/product\\\/curso-de-iniciacao-telepatica\\\/#primaryimage\"},\"image\":{\"@id\":\"https:\\\/\\\/synchronotron.com\\\/index.php\\\/product\\\/curso-de-iniciacao-telepatica\\\/#primaryimage\"},\"thumbnailUrl\":\"https:\\\/\\\/synchronotron.com\\\/wp-content\\\/uploads\\\/2025\\\/06\\\/imagem-iniciacao-1.png\",\"datePublished\":\"2025-07-05T02:28:18+00:00\",\"dateModified\":\"2026-02-13T17:40:01+00:00\",\"breadcrumb\":{\"@id\":\"https:\\\/\\\/synchronotron.com\\\/index.php\\\/product\\\/curso-de-iniciacao-telepatica\\\/#breadcrumb\"},\"inLanguage\":\"pt-BR\",\"potentialAction\":[{\"@type\":\"ReadAction\",\"target\":[\"https:\\\/\\\/synchronotron.com\\\/index.php\\\/product\\\/curso-de-iniciacao-telepatica\\\/\"]}]},{\"@type\":\"ImageObject\",\"inLanguage\":\"pt-BR\",\"@id\":\"https:\\\/\\\/synchronotron.com\\\/index.php\\\/product\\\/curso-de-iniciacao-telepatica\\\/#primaryimage\",\"url\":\"https:\\\/\\\/synchronotron.com\\\/wp-content\\\/uploads\\\/2025\\\/06\\\/imagem-iniciacao-1.png\",\"contentUrl\":\"https:\\\/\\\/synchronotron.com\\\/wp-content\\\/uploads\\\/2025\\\/06\\\/imagem-iniciacao-1.png\",\"width\":564,\"height\":566},{\"@type\":\"BreadcrumbList\",\"@id\":\"https:\\\/\\\/synchronotron.com\\\/index.php\\\/product\\\/curso-de-iniciacao-telepatica\\\/#breadcrumb\",\"itemListElement\":[{\"@type\":\"ListItem\",\"position\":1,\"name\":\"In\u00edcio\",\"item\":\"https:\\\/\\\/synchronotron.com\\\/\"},{\"@type\":\"ListItem\",\"position\":2,\"name\":\"Escola Synchronotron\",\"item\":\"https:\\\/\\\/synchronotron.com\\\/index.php\\\/loja\\\/\"},{\"@type\":\"ListItem\",\"position\":3,\"name\":\"Curso de Inicia\u00e7\u00e3o Telep\u00e1tica\"}]},{\"@type\":\"WebSite\",\"@id\":\"https:\\\/\\\/synchronotron.com\\\/#website\",\"url\":\"https:\\\/\\\/synchronotron.com\\\/\",\"name\":\"Synchronotron\",\"description\":\"\",\"publisher\":{\"@id\":\"https:\\\/\\\/synchronotron.com\\\/#organization\"},\"potentialAction\":[{\"@type\":\"SearchAction\",\"target\":{\"@type\":\"EntryPoint\",\"urlTemplate\":\"https:\\\/\\\/synchronotron.com\\\/?s={search_term_string}\"},\"query-input\":{\"@type\":\"PropertyValueSpecification\",\"valueRequired\":true,\"valueName\":\"search_term_string\"}}],\"inLanguage\":\"pt-BR\"},{\"@type\":\"Organization\",\"@id\":\"https:\\\/\\\/synchronotron.com\\\/#organization\",\"name\":\"Synchronotron\",\"url\":\"https:\\\/\\\/synchronotron.com\\\/\",\"logo\":{\"@type\":\"ImageObject\",\"inLanguage\":\"pt-BR\",\"@id\":\"https:\\\/\\\/synchronotron.com\\\/#\\\/schema\\\/logo\\\/image\\\/\",\"url\":\"https:\\\/\\\/synchronotron.com\\\/wp-content\\\/uploads\\\/2023\\\/08\\\/cropped-logo-synchonotron-1.png\",\"contentUrl\":\"https:\\\/\\\/synchronotron.com\\\/wp-content\\\/uploads\\\/2023\\\/08\\\/cropped-logo-synchonotron-1.png\",\"width\":837,\"height\":837,\"caption\":\"Synchronotron\"},\"image\":{\"@id\":\"https:\\\/\\\/synchronotron.com\\\/#\\\/schema\\\/logo\\\/image\\\/\"}}]}<\/script>\n<!-- \/ Yoast SEO plugin. -->","yoast_head_json":{"title":"Curso de Inicia\u00e7\u00e3o Telep\u00e1tica - Synchronotron","robots":{"index":"index","follow":"follow","max-snippet":"max-snippet:-1","max-image-preview":"max-image-preview:large","max-video-preview":"max-video-preview:-1"},"canonical":"https:\/\/synchronotron.com\/index.php\/product\/curso-de-iniciacao-telepatica\/","og_locale":"pt_BR","og_type":"article","og_title":"Curso de Inicia\u00e7\u00e3o Telep\u00e1tica - Synchronotron","og_description":"Curso Inicia\u00e7\u00e3o Tele-p\u00e1tica Ative o Potencial da Mente Superior. Uma jornada interativa em 8 aulas para despertar a consci\u00eancia multidimensional e sintonizar com as matrizes telep\u00e1ticas do Synchronotron. ***ACESSO POR 1 ANEL = 365 DIAS*** \ud83c\udf00 O que voc\u00ea vai encontrar: \u2728 8 aulas interativas, cuidadosamente estruturadas para sua expans\u00e3o interior \u2728 Prazo de 3&hellip;","og_url":"https:\/\/synchronotron.com\/index.php\/product\/curso-de-iniciacao-telepatica\/","og_site_name":"Synchronotron","article_modified_time":"2026-02-13T17:40:01+00:00","og_image":[{"width":564,"height":566,"url":"https:\/\/synchronotron.com\/wp-content\/uploads\/2025\/06\/imagem-iniciacao-1.png","type":"image\/png"}],"twitter_card":"summary_large_image","twitter_misc":{"Est. tempo de leitura":"1 minuto"},"schema":{"@context":"https:\/\/schema.org","@graph":[{"@type":"WebPage","@id":"https:\/\/synchronotron.com\/index.php\/product\/curso-de-iniciacao-telepatica\/","url":"https:\/\/synchronotron.com\/index.php\/product\/curso-de-iniciacao-telepatica\/","name":"Curso de Inicia\u00e7\u00e3o Telep\u00e1tica - Synchronotron","isPartOf":{"@id":"https:\/\/synchronotron.com\/#website"},"primaryImageOfPage":{"@id":"https:\/\/synchronotron.com\/index.php\/product\/curso-de-iniciacao-telepatica\/#primaryimage"},"image":{"@id":"https:\/\/synchronotron.com\/index.php\/product\/curso-de-iniciacao-telepatica\/#primaryimage"},"thumbnailUrl":"https:\/\/synchronotron.com\/wp-content\/uploads\/2025\/06\/imagem-iniciacao-1.png","datePublished":"2025-07-05T02:28:18+00:00","dateModified":"2026-02-13T17:40:01+00:00","breadcrumb":{"@id":"https:\/\/synchronotron.com\/index.php\/product\/curso-de-iniciacao-telepatica\/#breadcrumb"},"inLanguage":"pt-BR","potentialAction":[{"@type":"ReadAction","target":["https:\/\/synchronotron.com\/index.php\/product\/curso-de-iniciacao-telepatica\/"]}]},{"@type":"ImageObject","inLanguage":"pt-BR","@id":"https:\/\/synchronotron.com\/index.php\/product\/curso-de-iniciacao-telepatica\/#primaryimage","url":"https:\/\/synchronotron.com\/wp-content\/uploads\/2025\/06\/imagem-iniciacao-1.png","contentUrl":"https:\/\/synchronotron.com\/wp-content\/uploads\/2025\/06\/imagem-iniciacao-1.png","width":564,"height":566},{"@type":"BreadcrumbList","@id":"https:\/\/synchronotron.com\/index.php\/product\/curso-de-iniciacao-telepatica\/#breadcrumb","itemListElement":[{"@type":"ListItem","position":1,"name":"In\u00edcio","item":"https:\/\/synchronotron.com\/"},{"@type":"ListItem","position":2,"name":"Escola Synchronotron","item":"https:\/\/synchronotron.com\/index.php\/loja\/"},{"@type":"ListItem","position":3,"name":"Curso de Inicia\u00e7\u00e3o Telep\u00e1tica"}]},{"@type":"WebSite","@id":"https:\/\/synchronotron.com\/#website","url":"https:\/\/synchronotron.com\/","name":"Synchronotron","description":"","publisher":{"@id":"https:\/\/synchronotron.com\/#organization"},"potentialAction":[{"@type":"SearchAction","target":{"@type":"EntryPoint","urlTemplate":"https:\/\/synchronotron.com\/?s={search_term_string}"},"query-input":{"@type":"PropertyValueSpecification","valueRequired":true,"valueName":"search_term_string"}}],"inLanguage":"pt-BR"},{"@type":"Organization","@id":"https:\/\/synchronotron.com\/#organization","name":"Synchronotron","url":"https:\/\/synchronotron.com\/","logo":{"@type":"ImageObject","inLanguage":"pt-BR","@id":"https:\/\/synchronotron.com\/#\/schema\/logo\/image\/","url":"https:\/\/synchronotron.com\/wp-content\/uploads\/2023\/08\/cropped-logo-synchonotron-1.png","contentUrl":"https:\/\/synchronotron.com\/wp-content\/uploads\/2023\/08\/cropped-logo-synchonotron-1.png","width":837,"height":837,"caption":"Synchronotron"},"image":{"@id":"https:\/\/synchronotron.com\/#\/schema\/logo\/image\/"}}]}},"_links":{"self":[{"href":"https:\/\/synchronotron.com\/index.php\/wp-json\/wp\/v2\/product\/17189","targetHints":{"allow":["GET"]}}],"collection":[{"href":"https:\/\/synchronotron.com\/index.php\/wp-json\/wp\/v2\/product"}],"about":[{"href":"https:\/\/synchronotron.com\/index.php\/wp-json\/wp\/v2\/types\/product"}],"version-history":[{"count":2,"href":"https:\/\/synchronotron.com\/index.php\/wp-json\/wp\/v2\/product\/17189\/revisions"}],"predecessor-version":[{"id":21122,"href":"https:\/\/synchronotron.com\/index.php\/wp-json\/wp\/v2\/product\/17189\/revisions\/21122"}],"wp:featuredmedia":[{"embeddable":true,"href":"https:\/\/synchronotron.com\/index.php\/wp-json\/wp\/v2\/media\/17020"}],"wp:attachment":[{"href":"https:\/\/synchronotron.com\/index.php\/wp-json\/wp\/v2\/media?parent=17189"}],"wp:term":[{"taxonomy":"product_brand","embeddable":true,"href":"https:\/\/synchronotron.com\/index.php\/wp-json\/wp\/v2\/product_brand?post=17189"},{"taxonomy":"product_cat","embeddable":true,"href":"https:\/\/synchronotron.com\/index.php\/wp-json\/wp\/v2\/product_cat?post=17189"},{"taxonomy":"product_tag","embeddable":true,"href":"https:\/\/synchronotron.com\/index.php\/wp-json\/wp\/v2\/product_tag?post=17189"}],"curies":[{"name":"wp","href":"https:\/\/api.w.org\/{rel}","templated":true}]}}