{"id":21563,"date":"2026-02-01T19:03:25","date_gmt":"2026-02-01T22:03:25","guid":{"rendered":"https:\/\/synchronotron.com\/?post_type=product&#038;p=21563"},"modified":"2026-02-13T14:38:40","modified_gmt":"2026-02-13T17:38:40","slug":"ebook-synchronotron","status":"publish","type":"product","link":"https:\/\/synchronotron.com\/index.php\/product\/ebook-synchronotron\/","title":{"rendered":"Ebook Synchronotron"},"content":{"rendered":"<p data-start=\"237\" data-end=\"529\">O <strong data-start=\"239\" data-end=\"256\">Synchronotron<\/strong> \u00e9 um sistema de consci\u00eancia que revela a l\u00f3gica oculta por tr\u00e1s do tempo, da mente e da organiza\u00e7\u00e3o do universo. Mais do que um m\u00e9todo ou filosofia, ele funciona como um <strong data-start=\"427\" data-end=\"458\">mapa cognitivo e energ\u00e9tico<\/strong> que permite ao ser humano acessar uma percep\u00e7\u00e3o ampliada da realidade.<\/p>\n<p data-start=\"531\" data-end=\"907\">Originado dos estudos de <strong data-start=\"556\" data-end=\"588\">Jos\u00e9 Arg\u00fcelles (Valum Votan)<\/strong> sobre tempo, n\u00famero, frequ\u00eancia e ordem sincr\u00f4nica, o Synchronotron apresenta um modelo que integra ci\u00eancia, matem\u00e1tica, cosmologia e consci\u00eancia. Seu n\u00facleo \u00e9 o <strong data-start=\"751\" data-end=\"763\">Cubo 441<\/strong>, um c\u00f3digo que descreve como todos os eventos passados, presentes e futuros\u00a0 coexistem simultaneamente dentro de uma \u00fanica matriz universal.<\/p>\n<p data-start=\"909\" data-end=\"1259\">Este eBook foi criado para quem sente que os modelos tradicionais de pensamento j\u00e1 n\u00e3o d\u00e3o conta da complexidade do mundo atual. Em um momento hist\u00f3rico marcado por acelera\u00e7\u00e3o, colapso de refer\u00eancias e crise de sentido, o Synchronotron surge como uma <strong data-start=\"1160\" data-end=\"1192\">linguagem para o novo humano<\/strong>: aquele capaz de pensar de forma n\u00e3o linear, coerente e integrada.<\/p>\n<p data-start=\"909\" data-end=\"1259\">Fa\u00e7a o Download GRATUITAMENTE<\/p>\n","protected":false},"excerpt":{"rendered":"<h3 data-start=\"185\" data-end=\"235\"><strong data-start=\"189\" data-end=\"235\">Synchronotron \u2014 Uma Ponte para as Estrelas<\/strong><\/h3>\n<p data-start=\"237\" data-end=\"529\">O <strong data-start=\"239\" data-end=\"256\">Synchronotron<\/strong> \u00e9 um sistema de consci\u00eancia que revela a l\u00f3gica oculta por tr\u00e1s do tempo, da mente e da organiza\u00e7\u00e3o do universo. Mais do que um m\u00e9todo ou filosofia, ele funciona como um <strong data-start=\"427\" data-end=\"458\">mapa cognitivo e energ\u00e9tico<\/strong> que permite ao ser humano acessar uma percep\u00e7\u00e3o ampliada da realidade.<\/p>\n<p data-start=\"531\" data-end=\"907\">Originado dos estudos de <strong data-start=\"556\" data-end=\"588\">Jos\u00e9 Arg\u00fcelles (Valum Votan)<\/strong> sobre tempo, n\u00famero, frequ\u00eancia e ordem sincr\u00f4nica, o Synchronotron apresenta um modelo que integra ci\u00eancia, matem\u00e1tica, cosmologia e consci\u00eancia. Seu n\u00facleo \u00e9 o <strong data-start=\"751\" data-end=\"763\">Cubo 441<\/strong>, um c\u00f3digo que descreve como todos os eventos \u2014 passados, presentes e futuros \u2014 coexistem simultaneamente dentro de uma \u00fanica matriz universal.<\/p>\n<p data-start=\"909\" data-end=\"1259\">Este eBook foi criado para quem sente que os modelos tradicionais de pensamento j\u00e1 n\u00e3o d\u00e3o conta da complexidade do mundo atual. Em um momento hist\u00f3rico marcado por acelera\u00e7\u00e3o, colapso de refer\u00eancias e crise de sentido, o Synchronotron surge como uma <strong data-start=\"1160\" data-end=\"1192\">linguagem para o novo humano<\/strong>: aquele capaz de pensar de forma n\u00e3o linear, coerente e integrada.<\/p>\n<p data-start=\"1261\" data-end=\"1306\">Ao longo da leitura, voc\u00ea ser\u00e1 apresentado a:<\/p>\n<ul data-start=\"1307\" data-end=\"1609\">\n<li data-start=\"1307\" data-end=\"1380\">\n<p data-start=\"1309\" data-end=\"1380\">A origem c\u00f3smica do Synchronotron e sua rela\u00e7\u00e3o com ciclos universais<\/p>\n<\/li>\n<li data-start=\"1381\" data-end=\"1420\">\n<p data-start=\"1383\" data-end=\"1420\">A Lei do Tempo e a Ordem Sincr\u00f4nica<\/p>\n<\/li>\n<li data-start=\"1421\" data-end=\"1471\">\n<p data-start=\"1423\" data-end=\"1471\">O Cubo 441 como c\u00f3digo do pensamento universal<\/p>\n<\/li>\n<li data-start=\"1472\" data-end=\"1547\">\n<p data-start=\"1474\" data-end=\"1547\">O Perceptor Holomental, um novo modo de organizar a mente e a percep\u00e7\u00e3o<\/p>\n<\/li>\n<li data-start=\"1548\" data-end=\"1609\">\n<p data-start=\"1550\" data-end=\"1609\">Pr\u00e1ticas de ativa\u00e7\u00e3o e medita\u00e7\u00e3o para aplica\u00e7\u00e3o cotidiana<\/p>\n<\/li>\n<\/ul>\n<p data-start=\"1611\" data-end=\"1899\">O Synchronotron n\u00e3o oferece cren\u00e7as prontas. Ele prop\u00f5e uma <strong data-start=\"1671\" data-end=\"1754\">mudan\u00e7a estrutural na forma de perceber o tempo, a mente e a pr\u00f3pria exist\u00eancia<\/strong>. N\u00e3o \u00e9 um conhecimento para consumo r\u00e1pido, mas para quem est\u00e1 disposto a atravessar um limiar interno e expandir sua capacidade de compreens\u00e3o.<\/p>\n<p data-start=\"1901\" data-end=\"2067\">Este material \u00e9 um convite para sair da fragmenta\u00e7\u00e3o e acessar uma vis\u00e3o coerente da vida onde consci\u00eancia, universo e ser humano operam como um \u00fanico sistema vivo.<\/p>\n<p data-start=\"2069\" data-end=\"2154\">\n","protected":false},"featured_media":21566,"template":"","meta":{"_acf_changed":false,"give_campaign_id":0,"_eb_attr":"","om_disable_all_campaigns":false,"_exactmetrics_skip_tracking":false,"_exactmetrics_sitenote_active":false,"_exactmetrics_sitenote_note":"","_exactmetrics_sitenote_category":0,"_uf_show_specific_survey":0,"_uf_disable_surveys":false,"iawp_total_views":25},"product_brand":[],"product_cat":[15],"product_tag":[],"class_list":{"0":"post-21563","1":"product","2":"type-product","3":"status-publish","4":"has-post-thumbnail","6":"product_cat-uncategorized","8":"first","9":"instock","10":"featured","11":"downloadable","12":"shipping-taxable","13":"purchasable","14":"product-type-simple"},"acf":[],"yoast_head":"<!-- This site is optimized with the Yoast SEO plugin v27.5 - https:\/\/yoast.com\/product\/yoast-seo-wordpress\/ -->\n<title>Ebook Synchronotron - Synchronotron<\/title>\n<meta name=\"robots\" content=\"index, follow, max-snippet:-1, max-image-preview:large, max-video-preview:-1\" \/>\n<link rel=\"canonical\" href=\"https:\/\/synchronotron.com\/index.php\/product\/ebook-synchronotron\/\" \/>\n<meta property=\"og:locale\" content=\"pt_BR\" \/>\n<meta property=\"og:type\" content=\"article\" \/>\n<meta property=\"og:title\" content=\"Ebook Synchronotron - Synchronotron\" \/>\n<meta property=\"og:description\" content=\"Synchronotron \u2014 Uma Ponte para as Estrelas O Synchronotron \u00e9 um sistema de consci\u00eancia que revela a l\u00f3gica oculta por tr\u00e1s do tempo, da mente e da organiza\u00e7\u00e3o do universo. Mais do que um m\u00e9todo ou filosofia, ele funciona como um mapa cognitivo e energ\u00e9tico que permite ao ser humano acessar uma percep\u00e7\u00e3o ampliada da realidade. Originado dos estudos de Jos\u00e9 Arg\u00fcelles (Valum Votan) sobre tempo, n\u00famero, frequ\u00eancia e ordem sincr\u00f4nica, o Synchronotron apresenta um modelo que integra ci\u00eancia, matem\u00e1tica, cosmologia e consci\u00eancia. Seu n\u00facleo \u00e9 o Cubo 441, um c\u00f3digo que descreve como todos os eventos \u2014 passados, presentes e futuros \u2014 coexistem simultaneamente dentro de uma \u00fanica matriz universal. Este eBook foi criado para quem sente que os modelos tradicionais de pensamento j\u00e1 n\u00e3o d\u00e3o conta da complexidade do mundo atual. Em um momento hist\u00f3rico marcado por acelera\u00e7\u00e3o, colapso de refer\u00eancias e crise de sentido, o Synchronotron surge como uma linguagem para o novo humano: aquele capaz de pensar de forma n\u00e3o linear, coerente e integrada. Ao longo da leitura, voc\u00ea ser\u00e1 apresentado a:     A origem c\u00f3smica do Synchronotron e sua rela\u00e7\u00e3o com ciclos universais    A Lei do Tempo e a Ordem Sincr\u00f4nica    O Cubo 441 como c\u00f3digo do pensamento universal    O Perceptor Holomental, um novo modo de organizar a mente e a percep\u00e7\u00e3o    Pr\u00e1ticas de ativa\u00e7\u00e3o e medita\u00e7\u00e3o para aplica\u00e7\u00e3o cotidiana   O Synchronotron n\u00e3o oferece cren\u00e7as prontas. Ele prop\u00f5e uma mudan\u00e7a estrutural na forma de perceber o tempo, a mente e a pr\u00f3pria exist\u00eancia. N\u00e3o \u00e9 um conhecimento para consumo r\u00e1pido, mas para quem est\u00e1 disposto a atravessar um limiar interno e expandir sua capacidade de compreens\u00e3o. Este material \u00e9 um convite para sair da fragmenta\u00e7\u00e3o e acessar uma vis\u00e3o coerente da vida onde consci\u00eancia, universo e ser humano operam como um \u00fanico sistema vivo.\" \/>\n<meta property=\"og:url\" content=\"https:\/\/synchronotron.com\/index.php\/product\/ebook-synchronotron\/\" \/>\n<meta property=\"og:site_name\" content=\"Synchronotron\" \/>\n<meta property=\"article:modified_time\" content=\"2026-02-13T17:38:40+00:00\" \/>\n<meta property=\"og:image\" content=\"https:\/\/synchronotron.com\/wp-content\/uploads\/2026\/02\/Captura-de-tela-2026-02-01-190130.png\" \/>\n\t<meta property=\"og:image:width\" content=\"391\" \/>\n\t<meta property=\"og:image:height\" content=\"511\" \/>\n\t<meta property=\"og:image:type\" content=\"image\/png\" \/>\n<meta name=\"twitter:card\" content=\"summary_large_image\" \/>\n<meta name=\"twitter:label1\" content=\"Est. tempo de leitura\" \/>\n\t<meta name=\"twitter:data1\" content=\"2 minutos\" \/>\n<script type=\"application\/ld+json\" class=\"yoast-schema-graph\">{\"@context\":\"https:\\\/\\\/schema.org\",\"@graph\":[{\"@type\":\"WebPage\",\"@id\":\"https:\\\/\\\/synchronotron.com\\\/index.php\\\/product\\\/ebook-synchronotron\\\/\",\"url\":\"https:\\\/\\\/synchronotron.com\\\/index.php\\\/product\\\/ebook-synchronotron\\\/\",\"name\":\"Ebook Synchronotron - Synchronotron\",\"isPartOf\":{\"@id\":\"https:\\\/\\\/synchronotron.com\\\/#website\"},\"primaryImageOfPage\":{\"@id\":\"https:\\\/\\\/synchronotron.com\\\/index.php\\\/product\\\/ebook-synchronotron\\\/#primaryimage\"},\"image\":{\"@id\":\"https:\\\/\\\/synchronotron.com\\\/index.php\\\/product\\\/ebook-synchronotron\\\/#primaryimage\"},\"thumbnailUrl\":\"https:\\\/\\\/synchronotron.com\\\/wp-content\\\/uploads\\\/2026\\\/02\\\/Captura-de-tela-2026-02-01-190130.png\",\"datePublished\":\"2026-02-01T22:03:25+00:00\",\"dateModified\":\"2026-02-13T17:38:40+00:00\",\"breadcrumb\":{\"@id\":\"https:\\\/\\\/synchronotron.com\\\/index.php\\\/product\\\/ebook-synchronotron\\\/#breadcrumb\"},\"inLanguage\":\"pt-BR\",\"potentialAction\":[{\"@type\":\"ReadAction\",\"target\":[\"https:\\\/\\\/synchronotron.com\\\/index.php\\\/product\\\/ebook-synchronotron\\\/\"]}]},{\"@type\":\"ImageObject\",\"inLanguage\":\"pt-BR\",\"@id\":\"https:\\\/\\\/synchronotron.com\\\/index.php\\\/product\\\/ebook-synchronotron\\\/#primaryimage\",\"url\":\"https:\\\/\\\/synchronotron.com\\\/wp-content\\\/uploads\\\/2026\\\/02\\\/Captura-de-tela-2026-02-01-190130.png\",\"contentUrl\":\"https:\\\/\\\/synchronotron.com\\\/wp-content\\\/uploads\\\/2026\\\/02\\\/Captura-de-tela-2026-02-01-190130.png\",\"width\":391,\"height\":511},{\"@type\":\"BreadcrumbList\",\"@id\":\"https:\\\/\\\/synchronotron.com\\\/index.php\\\/product\\\/ebook-synchronotron\\\/#breadcrumb\",\"itemListElement\":[{\"@type\":\"ListItem\",\"position\":1,\"name\":\"In\u00edcio\",\"item\":\"https:\\\/\\\/synchronotron.com\\\/\"},{\"@type\":\"ListItem\",\"position\":2,\"name\":\"Escola Synchronotron\",\"item\":\"https:\\\/\\\/synchronotron.com\\\/index.php\\\/loja\\\/\"},{\"@type\":\"ListItem\",\"position\":3,\"name\":\"Ebook Synchronotron\"}]},{\"@type\":\"WebSite\",\"@id\":\"https:\\\/\\\/synchronotron.com\\\/#website\",\"url\":\"https:\\\/\\\/synchronotron.com\\\/\",\"name\":\"Synchronotron\",\"description\":\"\",\"publisher\":{\"@id\":\"https:\\\/\\\/synchronotron.com\\\/#organization\"},\"potentialAction\":[{\"@type\":\"SearchAction\",\"target\":{\"@type\":\"EntryPoint\",\"urlTemplate\":\"https:\\\/\\\/synchronotron.com\\\/?s={search_term_string}\"},\"query-input\":{\"@type\":\"PropertyValueSpecification\",\"valueRequired\":true,\"valueName\":\"search_term_string\"}}],\"inLanguage\":\"pt-BR\"},{\"@type\":\"Organization\",\"@id\":\"https:\\\/\\\/synchronotron.com\\\/#organization\",\"name\":\"Synchronotron\",\"url\":\"https:\\\/\\\/synchronotron.com\\\/\",\"logo\":{\"@type\":\"ImageObject\",\"inLanguage\":\"pt-BR\",\"@id\":\"https:\\\/\\\/synchronotron.com\\\/#\\\/schema\\\/logo\\\/image\\\/\",\"url\":\"https:\\\/\\\/synchronotron.com\\\/wp-content\\\/uploads\\\/2023\\\/08\\\/cropped-logo-synchonotron-1.png\",\"contentUrl\":\"https:\\\/\\\/synchronotron.com\\\/wp-content\\\/uploads\\\/2023\\\/08\\\/cropped-logo-synchonotron-1.png\",\"width\":837,\"height\":837,\"caption\":\"Synchronotron\"},\"image\":{\"@id\":\"https:\\\/\\\/synchronotron.com\\\/#\\\/schema\\\/logo\\\/image\\\/\"}}]}<\/script>\n<!-- \/ Yoast SEO plugin. -->","yoast_head_json":{"title":"Ebook Synchronotron - Synchronotron","robots":{"index":"index","follow":"follow","max-snippet":"max-snippet:-1","max-image-preview":"max-image-preview:large","max-video-preview":"max-video-preview:-1"},"canonical":"https:\/\/synchronotron.com\/index.php\/product\/ebook-synchronotron\/","og_locale":"pt_BR","og_type":"article","og_title":"Ebook Synchronotron - Synchronotron","og_description":"Synchronotron \u2014 Uma Ponte para as Estrelas O Synchronotron \u00e9 um sistema de consci\u00eancia que revela a l\u00f3gica oculta por tr\u00e1s do tempo, da mente e da organiza\u00e7\u00e3o do universo. Mais do que um m\u00e9todo ou filosofia, ele funciona como um mapa cognitivo e energ\u00e9tico que permite ao ser humano acessar uma percep\u00e7\u00e3o ampliada da realidade. Originado dos estudos de Jos\u00e9 Arg\u00fcelles (Valum Votan) sobre tempo, n\u00famero, frequ\u00eancia e ordem sincr\u00f4nica, o Synchronotron apresenta um modelo que integra ci\u00eancia, matem\u00e1tica, cosmologia e consci\u00eancia. Seu n\u00facleo \u00e9 o Cubo 441, um c\u00f3digo que descreve como todos os eventos \u2014 passados, presentes e futuros \u2014 coexistem simultaneamente dentro de uma \u00fanica matriz universal. Este eBook foi criado para quem sente que os modelos tradicionais de pensamento j\u00e1 n\u00e3o d\u00e3o conta da complexidade do mundo atual. Em um momento hist\u00f3rico marcado por acelera\u00e7\u00e3o, colapso de refer\u00eancias e crise de sentido, o Synchronotron surge como uma linguagem para o novo humano: aquele capaz de pensar de forma n\u00e3o linear, coerente e integrada. Ao longo da leitura, voc\u00ea ser\u00e1 apresentado a:     A origem c\u00f3smica do Synchronotron e sua rela\u00e7\u00e3o com ciclos universais    A Lei do Tempo e a Ordem Sincr\u00f4nica    O Cubo 441 como c\u00f3digo do pensamento universal    O Perceptor Holomental, um novo modo de organizar a mente e a percep\u00e7\u00e3o    Pr\u00e1ticas de ativa\u00e7\u00e3o e medita\u00e7\u00e3o para aplica\u00e7\u00e3o cotidiana   O Synchronotron n\u00e3o oferece cren\u00e7as prontas. Ele prop\u00f5e uma mudan\u00e7a estrutural na forma de perceber o tempo, a mente e a pr\u00f3pria exist\u00eancia. N\u00e3o \u00e9 um conhecimento para consumo r\u00e1pido, mas para quem est\u00e1 disposto a atravessar um limiar interno e expandir sua capacidade de compreens\u00e3o. Este material \u00e9 um convite para sair da fragmenta\u00e7\u00e3o e acessar uma vis\u00e3o coerente da vida onde consci\u00eancia, universo e ser humano operam como um \u00fanico sistema vivo.","og_url":"https:\/\/synchronotron.com\/index.php\/product\/ebook-synchronotron\/","og_site_name":"Synchronotron","article_modified_time":"2026-02-13T17:38:40+00:00","og_image":[{"width":391,"height":511,"url":"https:\/\/synchronotron.com\/wp-content\/uploads\/2026\/02\/Captura-de-tela-2026-02-01-190130.png","type":"image\/png"}],"twitter_card":"summary_large_image","twitter_misc":{"Est. tempo de leitura":"2 minutos"},"schema":{"@context":"https:\/\/schema.org","@graph":[{"@type":"WebPage","@id":"https:\/\/synchronotron.com\/index.php\/product\/ebook-synchronotron\/","url":"https:\/\/synchronotron.com\/index.php\/product\/ebook-synchronotron\/","name":"Ebook Synchronotron - Synchronotron","isPartOf":{"@id":"https:\/\/synchronotron.com\/#website"},"primaryImageOfPage":{"@id":"https:\/\/synchronotron.com\/index.php\/product\/ebook-synchronotron\/#primaryimage"},"image":{"@id":"https:\/\/synchronotron.com\/index.php\/product\/ebook-synchronotron\/#primaryimage"},"thumbnailUrl":"https:\/\/synchronotron.com\/wp-content\/uploads\/2026\/02\/Captura-de-tela-2026-02-01-190130.png","datePublished":"2026-02-01T22:03:25+00:00","dateModified":"2026-02-13T17:38:40+00:00","breadcrumb":{"@id":"https:\/\/synchronotron.com\/index.php\/product\/ebook-synchronotron\/#breadcrumb"},"inLanguage":"pt-BR","potentialAction":[{"@type":"ReadAction","target":["https:\/\/synchronotron.com\/index.php\/product\/ebook-synchronotron\/"]}]},{"@type":"ImageObject","inLanguage":"pt-BR","@id":"https:\/\/synchronotron.com\/index.php\/product\/ebook-synchronotron\/#primaryimage","url":"https:\/\/synchronotron.com\/wp-content\/uploads\/2026\/02\/Captura-de-tela-2026-02-01-190130.png","contentUrl":"https:\/\/synchronotron.com\/wp-content\/uploads\/2026\/02\/Captura-de-tela-2026-02-01-190130.png","width":391,"height":511},{"@type":"BreadcrumbList","@id":"https:\/\/synchronotron.com\/index.php\/product\/ebook-synchronotron\/#breadcrumb","itemListElement":[{"@type":"ListItem","position":1,"name":"In\u00edcio","item":"https:\/\/synchronotron.com\/"},{"@type":"ListItem","position":2,"name":"Escola Synchronotron","item":"https:\/\/synchronotron.com\/index.php\/loja\/"},{"@type":"ListItem","position":3,"name":"Ebook Synchronotron"}]},{"@type":"WebSite","@id":"https:\/\/synchronotron.com\/#website","url":"https:\/\/synchronotron.com\/","name":"Synchronotron","description":"","publisher":{"@id":"https:\/\/synchronotron.com\/#organization"},"potentialAction":[{"@type":"SearchAction","target":{"@type":"EntryPoint","urlTemplate":"https:\/\/synchronotron.com\/?s={search_term_string}"},"query-input":{"@type":"PropertyValueSpecification","valueRequired":true,"valueName":"search_term_string"}}],"inLanguage":"pt-BR"},{"@type":"Organization","@id":"https:\/\/synchronotron.com\/#organization","name":"Synchronotron","url":"https:\/\/synchronotron.com\/","logo":{"@type":"ImageObject","inLanguage":"pt-BR","@id":"https:\/\/synchronotron.com\/#\/schema\/logo\/image\/","url":"https:\/\/synchronotron.com\/wp-content\/uploads\/2023\/08\/cropped-logo-synchonotron-1.png","contentUrl":"https:\/\/synchronotron.com\/wp-content\/uploads\/2023\/08\/cropped-logo-synchonotron-1.png","width":837,"height":837,"caption":"Synchronotron"},"image":{"@id":"https:\/\/synchronotron.com\/#\/schema\/logo\/image\/"}}]}},"_links":{"self":[{"href":"https:\/\/synchronotron.com\/index.php\/wp-json\/wp\/v2\/product\/21563","targetHints":{"allow":["GET"]}}],"collection":[{"href":"https:\/\/synchronotron.com\/index.php\/wp-json\/wp\/v2\/product"}],"about":[{"href":"https:\/\/synchronotron.com\/index.php\/wp-json\/wp\/v2\/types\/product"}],"version-history":[{"count":2,"href":"https:\/\/synchronotron.com\/index.php\/wp-json\/wp\/v2\/product\/21563\/revisions"}],"predecessor-version":[{"id":21569,"href":"https:\/\/synchronotron.com\/index.php\/wp-json\/wp\/v2\/product\/21563\/revisions\/21569"}],"wp:featuredmedia":[{"embeddable":true,"href":"https:\/\/synchronotron.com\/index.php\/wp-json\/wp\/v2\/media\/21566"}],"wp:attachment":[{"href":"https:\/\/synchronotron.com\/index.php\/wp-json\/wp\/v2\/media?parent=21563"}],"wp:term":[{"taxonomy":"product_brand","embeddable":true,"href":"https:\/\/synchronotron.com\/index.php\/wp-json\/wp\/v2\/product_brand?post=21563"},{"taxonomy":"product_cat","embeddable":true,"href":"https:\/\/synchronotron.com\/index.php\/wp-json\/wp\/v2\/product_cat?post=21563"},{"taxonomy":"product_tag","embeddable":true,"href":"https:\/\/synchronotron.com\/index.php\/wp-json\/wp\/v2\/product_tag?post=21563"}],"curies":[{"name":"wp","href":"https:\/\/api.w.org\/{rel}","templated":true}]}}