{"id":3698,"date":"2023-12-07T10:52:16","date_gmt":"2023-12-07T13:52:16","guid":{"rendered":"https:\/\/synchronotron.com\/?post_type=product&#038;p=3698"},"modified":"2026-02-13T14:38:05","modified_gmt":"2026-02-13T17:38:05","slug":"bussola-multidimensional","status":"publish","type":"product","link":"https:\/\/synchronotron.com\/index.php\/product\/bussola-multidimensional\/","title":{"rendered":"B\u00fassola Multidimensional"},"content":{"rendered":"<p class=\"p1\"><span class=\"s1\"><b>Explorando a B\u00fassola Gal\u00e1ctica Multidimensional:<\/b> <\/span><\/p>\n<p class=\"p1\"><b>No Epicentro Hunab Ku<\/b>, Trono da Unidade da Totalidade, Porta da Unidade Omnidirecionalidade, projeta as 4 dire\u00e7\u00f5es atrav\u00e9s das 4 Cores:<\/p>\n<p class=\"p1\">Vermelho para Leste,<\/p>\n<p class=\"p1\">Branco para Norte,<\/p>\n<p class=\"p1\">Azul para Oeste e<\/p>\n<p class=\"p1\">Amarelo para o Sul,<\/p>\n<p class=\"p1\">tamb\u00e9m s\u00e3o a cria\u00e7\u00e3o das 4 ra\u00e7as Raizes.<\/p>\n<p class=\"p1\"><b>No pr\u00f3ximo circuito <\/b>temos o 20 Selos Planet\u00e1rios, que formam as 20 Gera\u00e7\u00f5es, ou um Baktun e s\u00edmbolo das 20 T\u00e1buas da Lei do Tempo. Cada t\u00e1bua com 1.300 Tuns, formando os 26.000 Tuns do Grande Giro Solar de Alcione, os 5 Grandes Castelos de 5.200 Tuns cada.<\/p>\n<p class=\"p1\"><b>No pr\u00f3ximo circuito<\/b> temos os Hiperplasmas que coordenam o C\u00e9rebro Gal\u00e1ctico Solar de Alcione, em seus 4 quadrantes.<\/p>\n<p class=\"p1\"><b>No pr\u00f3ximo circuito<\/b> temos os 4 Grandes Heptais que se fractalizam em expans\u00e3o e contra\u00e7\u00e3o. Cada Heptal est\u00e1 codificado em um dos 4 Quadrantes, quatro cores. Quadrante 01: vermelho, Quadrante 02: branco, Quadrante 03: azul e Quadrante 04: amarelo. Cada um cont\u00e9m o potencial da totalidade.<\/p>\n<p class=\"p1\"><b>No pr\u00f3ximo circuito<\/b> temos um Grande Castelo, que gira e interage com os quatro quadrantes. A cada giro pelas quatro grandes ondas de 1.300 Tuns, que s\u00e3o codificadas pelas 4 cores, um novo castelo \u00e9 ativado.<\/p>\n<p class=\"p1\"><b>No pr\u00f3ximo circuito<\/b> temos as Runas Futhark, que geram a Membrana PSI, que tamb\u00e9m giram e interagem com os 4 quadrantes.<\/p>\n<p class=\"p1\"><b>Nos 2 pr\u00f3ximos circuitos<\/b> temos os 64 Hexagramas que ativam os 64 C\u00f3dons do DNA em cada um dos 4 quadrantes, e as 64 Runas UR que fazem a tecedura do Manitu Planet\u00e1rio nos 4 quadrantes.<\/p>\n<p class=\"p1\">No dois Hemisf\u00e9rio e nos meridianos, <b>no pr\u00f3ximo circuito<\/b> temos os 5 Castelos com as 5 cores, 01 Castelo: vermelho, 02 Castelo: branco, 03 Castelo: azul, 04 Castelo: amarelo e 05 Castelo: verde central. Estes 5 Castelos s\u00e3o seguidos pelo Tzolkin com os 260 Kins nas 20 ondas encantadas.<\/p>\n<p class=\"p1\"><b>No pr\u00f3ximo circuito<\/b> temos todo um anel com as 364+ 1 unidades com seus 52 Heptais, 13 Luas de 28 Dias, cada n\u00edvel \u00e9 atemporal. Cada Kin seguido por uma Runa UR dos 6 Filamentos da Hexamera da Oitava , ou 6 Oitavas que se codificam com o Corpo Caloso, e as 13 Luas com seus respectivos animais Totens, al\u00e9m dos 20 Vinais.<\/p>\n<p class=\"p1\">Sua Mente \u00e9 a sua Guia! Navegar pela B\u00fassola \u00e9 muito mais f\u00e1cil atrav\u00e9s da conex\u00e3o com sua ess\u00eancia que \u00e9 mestre na arte da atemporalidade!<\/p>\n","protected":false},"excerpt":{"rendered":"<p class=\"p1\">B\u00fassola Multidimensional 13:20, toda estrutura do Tempo Natural em uma s\u00f3 ferramenta, o painel da Navega\u00e7\u00e3o Interdimensional!<\/p>\n","protected":false},"featured_media":3741,"template":"","meta":{"_acf_changed":false,"give_campaign_id":0,"_eb_attr":"","om_disable_all_campaigns":false,"_exactmetrics_skip_tracking":false,"_exactmetrics_sitenote_active":false,"_exactmetrics_sitenote_note":"","_exactmetrics_sitenote_category":0,"_uf_show_specific_survey":0,"_uf_disable_surveys":false,"iawp_total_views":197},"product_brand":[],"product_cat":[15],"product_tag":[],"class_list":{"0":"post-3698","1":"product","2":"type-product","3":"status-publish","4":"has-post-thumbnail","6":"product_cat-uncategorized","8":"first","9":"instock","10":"downloadable","11":"virtual","12":"purchasable","13":"product-type-simple"},"acf":[],"yoast_head":"<!-- This site is optimized with the Yoast SEO plugin v27.5 - https:\/\/yoast.com\/product\/yoast-seo-wordpress\/ -->\n<title>B\u00fassola Multidimensional - Synchronotron<\/title>\n<meta name=\"robots\" content=\"index, follow, max-snippet:-1, max-image-preview:large, max-video-preview:-1\" \/>\n<link rel=\"canonical\" href=\"https:\/\/synchronotron.com\/index.php\/product\/bussola-multidimensional\/\" \/>\n<meta property=\"og:locale\" content=\"pt_BR\" \/>\n<meta property=\"og:type\" content=\"article\" \/>\n<meta property=\"og:title\" content=\"B\u00fassola Multidimensional - Synchronotron\" \/>\n<meta property=\"og:description\" content=\"B\u00fassola Multidimensional 13:20, toda estrutura do Tempo Natural em uma s\u00f3 ferramenta, o painel da Navega\u00e7\u00e3o Interdimensional!\" \/>\n<meta property=\"og:url\" content=\"https:\/\/synchronotron.com\/index.php\/product\/bussola-multidimensional\/\" \/>\n<meta property=\"og:site_name\" content=\"Synchronotron\" \/>\n<meta property=\"article:modified_time\" content=\"2026-02-13T17:38:05+00:00\" \/>\n<meta property=\"og:image\" content=\"https:\/\/synchronotron.com\/wp-content\/uploads\/2023\/12\/WhatsApp-Image-2023-12-09-at-1.51.16-PM.jpeg\" \/>\n\t<meta property=\"og:image:width\" content=\"1024\" \/>\n\t<meta property=\"og:image:height\" content=\"1024\" \/>\n\t<meta property=\"og:image:type\" content=\"image\/jpeg\" \/>\n<meta name=\"twitter:card\" content=\"summary_large_image\" \/>\n<meta name=\"twitter:label1\" content=\"Est. tempo de leitura\" \/>\n\t<meta name=\"twitter:data1\" content=\"3 minutos\" \/>\n<script type=\"application\/ld+json\" class=\"yoast-schema-graph\">{\"@context\":\"https:\\\/\\\/schema.org\",\"@graph\":[{\"@type\":\"WebPage\",\"@id\":\"https:\\\/\\\/synchronotron.com\\\/index.php\\\/product\\\/bussola-multidimensional\\\/\",\"url\":\"https:\\\/\\\/synchronotron.com\\\/index.php\\\/product\\\/bussola-multidimensional\\\/\",\"name\":\"B\u00fassola Multidimensional - Synchronotron\",\"isPartOf\":{\"@id\":\"https:\\\/\\\/synchronotron.com\\\/#website\"},\"primaryImageOfPage\":{\"@id\":\"https:\\\/\\\/synchronotron.com\\\/index.php\\\/product\\\/bussola-multidimensional\\\/#primaryimage\"},\"image\":{\"@id\":\"https:\\\/\\\/synchronotron.com\\\/index.php\\\/product\\\/bussola-multidimensional\\\/#primaryimage\"},\"thumbnailUrl\":\"https:\\\/\\\/synchronotron.com\\\/wp-content\\\/uploads\\\/2023\\\/12\\\/WhatsApp-Image-2023-12-09-at-1.51.16-PM.jpeg\",\"datePublished\":\"2023-12-07T13:52:16+00:00\",\"dateModified\":\"2026-02-13T17:38:05+00:00\",\"breadcrumb\":{\"@id\":\"https:\\\/\\\/synchronotron.com\\\/index.php\\\/product\\\/bussola-multidimensional\\\/#breadcrumb\"},\"inLanguage\":\"pt-BR\",\"potentialAction\":[{\"@type\":\"ReadAction\",\"target\":[\"https:\\\/\\\/synchronotron.com\\\/index.php\\\/product\\\/bussola-multidimensional\\\/\"]}]},{\"@type\":\"ImageObject\",\"inLanguage\":\"pt-BR\",\"@id\":\"https:\\\/\\\/synchronotron.com\\\/index.php\\\/product\\\/bussola-multidimensional\\\/#primaryimage\",\"url\":\"https:\\\/\\\/synchronotron.com\\\/wp-content\\\/uploads\\\/2023\\\/12\\\/WhatsApp-Image-2023-12-09-at-1.51.16-PM.jpeg\",\"contentUrl\":\"https:\\\/\\\/synchronotron.com\\\/wp-content\\\/uploads\\\/2023\\\/12\\\/WhatsApp-Image-2023-12-09-at-1.51.16-PM.jpeg\",\"width\":1024,\"height\":1024},{\"@type\":\"BreadcrumbList\",\"@id\":\"https:\\\/\\\/synchronotron.com\\\/index.php\\\/product\\\/bussola-multidimensional\\\/#breadcrumb\",\"itemListElement\":[{\"@type\":\"ListItem\",\"position\":1,\"name\":\"In\u00edcio\",\"item\":\"https:\\\/\\\/synchronotron.com\\\/\"},{\"@type\":\"ListItem\",\"position\":2,\"name\":\"Escola Synchronotron\",\"item\":\"https:\\\/\\\/synchronotron.com\\\/index.php\\\/loja\\\/\"},{\"@type\":\"ListItem\",\"position\":3,\"name\":\"B\u00fassola Multidimensional\"}]},{\"@type\":\"WebSite\",\"@id\":\"https:\\\/\\\/synchronotron.com\\\/#website\",\"url\":\"https:\\\/\\\/synchronotron.com\\\/\",\"name\":\"Synchronotron\",\"description\":\"\",\"publisher\":{\"@id\":\"https:\\\/\\\/synchronotron.com\\\/#organization\"},\"potentialAction\":[{\"@type\":\"SearchAction\",\"target\":{\"@type\":\"EntryPoint\",\"urlTemplate\":\"https:\\\/\\\/synchronotron.com\\\/?s={search_term_string}\"},\"query-input\":{\"@type\":\"PropertyValueSpecification\",\"valueRequired\":true,\"valueName\":\"search_term_string\"}}],\"inLanguage\":\"pt-BR\"},{\"@type\":\"Organization\",\"@id\":\"https:\\\/\\\/synchronotron.com\\\/#organization\",\"name\":\"Synchronotron\",\"url\":\"https:\\\/\\\/synchronotron.com\\\/\",\"logo\":{\"@type\":\"ImageObject\",\"inLanguage\":\"pt-BR\",\"@id\":\"https:\\\/\\\/synchronotron.com\\\/#\\\/schema\\\/logo\\\/image\\\/\",\"url\":\"https:\\\/\\\/synchronotron.com\\\/wp-content\\\/uploads\\\/2023\\\/08\\\/cropped-logo-synchonotron-1.png\",\"contentUrl\":\"https:\\\/\\\/synchronotron.com\\\/wp-content\\\/uploads\\\/2023\\\/08\\\/cropped-logo-synchonotron-1.png\",\"width\":837,\"height\":837,\"caption\":\"Synchronotron\"},\"image\":{\"@id\":\"https:\\\/\\\/synchronotron.com\\\/#\\\/schema\\\/logo\\\/image\\\/\"}}]}<\/script>\n<!-- \/ Yoast SEO plugin. -->","yoast_head_json":{"title":"B\u00fassola Multidimensional - Synchronotron","robots":{"index":"index","follow":"follow","max-snippet":"max-snippet:-1","max-image-preview":"max-image-preview:large","max-video-preview":"max-video-preview:-1"},"canonical":"https:\/\/synchronotron.com\/index.php\/product\/bussola-multidimensional\/","og_locale":"pt_BR","og_type":"article","og_title":"B\u00fassola Multidimensional - Synchronotron","og_description":"B\u00fassola Multidimensional 13:20, toda estrutura do Tempo Natural em uma s\u00f3 ferramenta, o painel da Navega\u00e7\u00e3o Interdimensional!","og_url":"https:\/\/synchronotron.com\/index.php\/product\/bussola-multidimensional\/","og_site_name":"Synchronotron","article_modified_time":"2026-02-13T17:38:05+00:00","og_image":[{"width":1024,"height":1024,"url":"https:\/\/synchronotron.com\/wp-content\/uploads\/2023\/12\/WhatsApp-Image-2023-12-09-at-1.51.16-PM.jpeg","type":"image\/jpeg"}],"twitter_card":"summary_large_image","twitter_misc":{"Est. tempo de leitura":"3 minutos"},"schema":{"@context":"https:\/\/schema.org","@graph":[{"@type":"WebPage","@id":"https:\/\/synchronotron.com\/index.php\/product\/bussola-multidimensional\/","url":"https:\/\/synchronotron.com\/index.php\/product\/bussola-multidimensional\/","name":"B\u00fassola Multidimensional - Synchronotron","isPartOf":{"@id":"https:\/\/synchronotron.com\/#website"},"primaryImageOfPage":{"@id":"https:\/\/synchronotron.com\/index.php\/product\/bussola-multidimensional\/#primaryimage"},"image":{"@id":"https:\/\/synchronotron.com\/index.php\/product\/bussola-multidimensional\/#primaryimage"},"thumbnailUrl":"https:\/\/synchronotron.com\/wp-content\/uploads\/2023\/12\/WhatsApp-Image-2023-12-09-at-1.51.16-PM.jpeg","datePublished":"2023-12-07T13:52:16+00:00","dateModified":"2026-02-13T17:38:05+00:00","breadcrumb":{"@id":"https:\/\/synchronotron.com\/index.php\/product\/bussola-multidimensional\/#breadcrumb"},"inLanguage":"pt-BR","potentialAction":[{"@type":"ReadAction","target":["https:\/\/synchronotron.com\/index.php\/product\/bussola-multidimensional\/"]}]},{"@type":"ImageObject","inLanguage":"pt-BR","@id":"https:\/\/synchronotron.com\/index.php\/product\/bussola-multidimensional\/#primaryimage","url":"https:\/\/synchronotron.com\/wp-content\/uploads\/2023\/12\/WhatsApp-Image-2023-12-09-at-1.51.16-PM.jpeg","contentUrl":"https:\/\/synchronotron.com\/wp-content\/uploads\/2023\/12\/WhatsApp-Image-2023-12-09-at-1.51.16-PM.jpeg","width":1024,"height":1024},{"@type":"BreadcrumbList","@id":"https:\/\/synchronotron.com\/index.php\/product\/bussola-multidimensional\/#breadcrumb","itemListElement":[{"@type":"ListItem","position":1,"name":"In\u00edcio","item":"https:\/\/synchronotron.com\/"},{"@type":"ListItem","position":2,"name":"Escola Synchronotron","item":"https:\/\/synchronotron.com\/index.php\/loja\/"},{"@type":"ListItem","position":3,"name":"B\u00fassola Multidimensional"}]},{"@type":"WebSite","@id":"https:\/\/synchronotron.com\/#website","url":"https:\/\/synchronotron.com\/","name":"Synchronotron","description":"","publisher":{"@id":"https:\/\/synchronotron.com\/#organization"},"potentialAction":[{"@type":"SearchAction","target":{"@type":"EntryPoint","urlTemplate":"https:\/\/synchronotron.com\/?s={search_term_string}"},"query-input":{"@type":"PropertyValueSpecification","valueRequired":true,"valueName":"search_term_string"}}],"inLanguage":"pt-BR"},{"@type":"Organization","@id":"https:\/\/synchronotron.com\/#organization","name":"Synchronotron","url":"https:\/\/synchronotron.com\/","logo":{"@type":"ImageObject","inLanguage":"pt-BR","@id":"https:\/\/synchronotron.com\/#\/schema\/logo\/image\/","url":"https:\/\/synchronotron.com\/wp-content\/uploads\/2023\/08\/cropped-logo-synchonotron-1.png","contentUrl":"https:\/\/synchronotron.com\/wp-content\/uploads\/2023\/08\/cropped-logo-synchonotron-1.png","width":837,"height":837,"caption":"Synchronotron"},"image":{"@id":"https:\/\/synchronotron.com\/#\/schema\/logo\/image\/"}}]}},"_links":{"self":[{"href":"https:\/\/synchronotron.com\/index.php\/wp-json\/wp\/v2\/product\/3698","targetHints":{"allow":["GET"]}}],"collection":[{"href":"https:\/\/synchronotron.com\/index.php\/wp-json\/wp\/v2\/product"}],"about":[{"href":"https:\/\/synchronotron.com\/index.php\/wp-json\/wp\/v2\/types\/product"}],"version-history":[{"count":1,"href":"https:\/\/synchronotron.com\/index.php\/wp-json\/wp\/v2\/product\/3698\/revisions"}],"predecessor-version":[{"id":21749,"href":"https:\/\/synchronotron.com\/index.php\/wp-json\/wp\/v2\/product\/3698\/revisions\/21749"}],"wp:featuredmedia":[{"embeddable":true,"href":"https:\/\/synchronotron.com\/index.php\/wp-json\/wp\/v2\/media\/3741"}],"wp:attachment":[{"href":"https:\/\/synchronotron.com\/index.php\/wp-json\/wp\/v2\/media?parent=3698"}],"wp:term":[{"taxonomy":"product_brand","embeddable":true,"href":"https:\/\/synchronotron.com\/index.php\/wp-json\/wp\/v2\/product_brand?post=3698"},{"taxonomy":"product_cat","embeddable":true,"href":"https:\/\/synchronotron.com\/index.php\/wp-json\/wp\/v2\/product_cat?post=3698"},{"taxonomy":"product_tag","embeddable":true,"href":"https:\/\/synchronotron.com\/index.php\/wp-json\/wp\/v2\/product_tag?post=3698"}],"curies":[{"name":"wp","href":"https:\/\/api.w.org\/{rel}","templated":true}]}}