{"id":8576,"date":"2024-08-17T18:12:34","date_gmt":"2024-08-17T21:12:34","guid":{"rendered":"https:\/\/synchronotron.com\/?post_type=product&#038;p=8576"},"modified":"2026-02-13T14:44:32","modified_gmt":"2026-02-13T17:44:32","slug":"workshop-synchronotron-hipercubo","status":"publish","type":"product","link":"https:\/\/synchronotron.com\/index.php\/product\/workshop-synchronotron-hipercubo\/","title":{"rendered":"Workshop Synchronotron &#8211; Hipercubo"},"content":{"rendered":"<p>O Synchronotron \u00e9 um sistema baseado em matrizes num\u00e9ricas que se origina da Lei do Tempo, conforme trazido por Dr. Jos\u00e9 Arguelles\/Valum Votan. Ele \u00e9 descrito como um meio de comunica\u00e7\u00e3o telep\u00e1tica e uma estrutura viva, multidimensional, que surge do n\u00famero como frequ\u00eancia e linguagem do absoluto. O Synchronotron \u00e9 apresentado como uma ferramenta para sincronizar a mente humana com o cosmos e a natureza, abrindo o portal para as grades de luz congeladas, onde os programas do Pensamento Eterno permanecem dispon\u00edveis \u00e0 mente e \u00e0 consci\u00eancia. Ele \u00e9 descrito como uma estrutura da consci\u00eancia universalizada que precisa ser experimentada para ser compreendida.<\/p>\n<p>O conceito do hipercubo foi introduzido pela primeira vez no 1\u00ba Semin\u00e1rio Planet\u00e1rio Synchronotron, durante a Lua 5, Alfa 12, KIN 137 &#8211; Terra Espectral Vermelha. O hipercubo representa a muta\u00e7\u00e3o c\u00fabica da matriz 441, seguindo o fluxo gal\u00e1ctico k\u00e1rmico e solar prof\u00e9tico, alternado pelas Plasmas Radiais.<\/p>\n","protected":false},"excerpt":{"rendered":"<p>O Synchronotron \u00e9 um sistema baseado em matrizes num\u00e9ricas que se origina da Lei do Tempo, conforme trazido por Dr. Jos\u00e9 Arguelles\/Valum Votan. Ele \u00e9 descrito como um meio de comunica\u00e7\u00e3o telep\u00e1tica e uma estrutura viva, multidimensional, que surge do n\u00famero como frequ\u00eancia e linguagem do absoluto. O Synchronotron \u00e9 apresentado como uma ferramenta para&hellip;<\/p>\n","protected":false},"featured_media":0,"template":"","meta":{"_acf_changed":false,"give_campaign_id":0,"_eb_attr":"","om_disable_all_campaigns":false,"_exactmetrics_skip_tracking":false,"_exactmetrics_sitenote_active":false,"_exactmetrics_sitenote_note":"","_exactmetrics_sitenote_category":0,"_uf_show_specific_survey":0,"_uf_disable_surveys":false,"iawp_total_views":0},"product_brand":[],"product_cat":[15],"product_tag":[],"class_list":{"0":"post-8576","1":"product","2":"type-product","3":"status-publish","5":"product_cat-uncategorized","7":"first","8":"instock","9":"shipping-taxable","10":"purchasable","11":"product-type-simple"},"acf":[],"yoast_head":"<!-- This site is optimized with the Yoast SEO plugin v27.3 - https:\/\/yoast.com\/product\/yoast-seo-wordpress\/ -->\n<title>Workshop Synchronotron - Hipercubo - Synchronotron<\/title>\n<meta name=\"robots\" content=\"index, follow, max-snippet:-1, max-image-preview:large, max-video-preview:-1\" \/>\n<link rel=\"canonical\" href=\"https:\/\/synchronotron.com\/index.php\/product\/workshop-synchronotron-hipercubo\/\" \/>\n<meta property=\"og:locale\" content=\"pt_BR\" \/>\n<meta property=\"og:type\" content=\"article\" \/>\n<meta property=\"og:title\" content=\"Workshop Synchronotron - Hipercubo - Synchronotron\" \/>\n<meta property=\"og:description\" content=\"O Synchronotron \u00e9 um sistema baseado em matrizes num\u00e9ricas que se origina da Lei do Tempo, conforme trazido por Dr. Jos\u00e9 Arguelles\/Valum Votan. Ele \u00e9 descrito como um meio de comunica\u00e7\u00e3o telep\u00e1tica e uma estrutura viva, multidimensional, que surge do n\u00famero como frequ\u00eancia e linguagem do absoluto. O Synchronotron \u00e9 apresentado como uma ferramenta para&hellip;\" \/>\n<meta property=\"og:url\" content=\"https:\/\/synchronotron.com\/index.php\/product\/workshop-synchronotron-hipercubo\/\" \/>\n<meta property=\"og:site_name\" content=\"Synchronotron\" \/>\n<meta property=\"article:modified_time\" content=\"2026-02-13T17:44:32+00:00\" \/>\n<meta name=\"twitter:card\" content=\"summary_large_image\" \/>\n<meta name=\"twitter:label1\" content=\"Est. tempo de leitura\" \/>\n\t<meta name=\"twitter:data1\" content=\"1 minuto\" \/>\n<script type=\"application\/ld+json\" class=\"yoast-schema-graph\">{\"@context\":\"https:\\\/\\\/schema.org\",\"@graph\":[{\"@type\":\"WebPage\",\"@id\":\"https:\\\/\\\/synchronotron.com\\\/index.php\\\/product\\\/workshop-synchronotron-hipercubo\\\/\",\"url\":\"https:\\\/\\\/synchronotron.com\\\/index.php\\\/product\\\/workshop-synchronotron-hipercubo\\\/\",\"name\":\"Workshop Synchronotron - Hipercubo - Synchronotron\",\"isPartOf\":{\"@id\":\"https:\\\/\\\/synchronotron.com\\\/#website\"},\"datePublished\":\"2024-08-17T21:12:34+00:00\",\"dateModified\":\"2026-02-13T17:44:32+00:00\",\"breadcrumb\":{\"@id\":\"https:\\\/\\\/synchronotron.com\\\/index.php\\\/product\\\/workshop-synchronotron-hipercubo\\\/#breadcrumb\"},\"inLanguage\":\"pt-BR\",\"potentialAction\":[{\"@type\":\"ReadAction\",\"target\":[\"https:\\\/\\\/synchronotron.com\\\/index.php\\\/product\\\/workshop-synchronotron-hipercubo\\\/\"]}]},{\"@type\":\"BreadcrumbList\",\"@id\":\"https:\\\/\\\/synchronotron.com\\\/index.php\\\/product\\\/workshop-synchronotron-hipercubo\\\/#breadcrumb\",\"itemListElement\":[{\"@type\":\"ListItem\",\"position\":1,\"name\":\"In\u00edcio\",\"item\":\"https:\\\/\\\/synchronotron.com\\\/\"},{\"@type\":\"ListItem\",\"position\":2,\"name\":\"Escola Synchronotron\",\"item\":\"https:\\\/\\\/synchronotron.com\\\/index.php\\\/loja\\\/\"},{\"@type\":\"ListItem\",\"position\":3,\"name\":\"Workshop Synchronotron &#8211; Hipercubo\"}]},{\"@type\":\"WebSite\",\"@id\":\"https:\\\/\\\/synchronotron.com\\\/#website\",\"url\":\"https:\\\/\\\/synchronotron.com\\\/\",\"name\":\"Synchronotron\",\"description\":\"\",\"publisher\":{\"@id\":\"https:\\\/\\\/synchronotron.com\\\/#organization\"},\"potentialAction\":[{\"@type\":\"SearchAction\",\"target\":{\"@type\":\"EntryPoint\",\"urlTemplate\":\"https:\\\/\\\/synchronotron.com\\\/?s={search_term_string}\"},\"query-input\":{\"@type\":\"PropertyValueSpecification\",\"valueRequired\":true,\"valueName\":\"search_term_string\"}}],\"inLanguage\":\"pt-BR\"},{\"@type\":\"Organization\",\"@id\":\"https:\\\/\\\/synchronotron.com\\\/#organization\",\"name\":\"Synchronotron\",\"url\":\"https:\\\/\\\/synchronotron.com\\\/\",\"logo\":{\"@type\":\"ImageObject\",\"inLanguage\":\"pt-BR\",\"@id\":\"https:\\\/\\\/synchronotron.com\\\/#\\\/schema\\\/logo\\\/image\\\/\",\"url\":\"https:\\\/\\\/synchronotron.com\\\/wp-content\\\/uploads\\\/2023\\\/08\\\/cropped-logo-synchonotron-1.png\",\"contentUrl\":\"https:\\\/\\\/synchronotron.com\\\/wp-content\\\/uploads\\\/2023\\\/08\\\/cropped-logo-synchonotron-1.png\",\"width\":837,\"height\":837,\"caption\":\"Synchronotron\"},\"image\":{\"@id\":\"https:\\\/\\\/synchronotron.com\\\/#\\\/schema\\\/logo\\\/image\\\/\"}}]}<\/script>\n<!-- \/ Yoast SEO plugin. -->","yoast_head_json":{"title":"Workshop Synchronotron - Hipercubo - Synchronotron","robots":{"index":"index","follow":"follow","max-snippet":"max-snippet:-1","max-image-preview":"max-image-preview:large","max-video-preview":"max-video-preview:-1"},"canonical":"https:\/\/synchronotron.com\/index.php\/product\/workshop-synchronotron-hipercubo\/","og_locale":"pt_BR","og_type":"article","og_title":"Workshop Synchronotron - Hipercubo - Synchronotron","og_description":"O Synchronotron \u00e9 um sistema baseado em matrizes num\u00e9ricas que se origina da Lei do Tempo, conforme trazido por Dr. Jos\u00e9 Arguelles\/Valum Votan. Ele \u00e9 descrito como um meio de comunica\u00e7\u00e3o telep\u00e1tica e uma estrutura viva, multidimensional, que surge do n\u00famero como frequ\u00eancia e linguagem do absoluto. O Synchronotron \u00e9 apresentado como uma ferramenta para&hellip;","og_url":"https:\/\/synchronotron.com\/index.php\/product\/workshop-synchronotron-hipercubo\/","og_site_name":"Synchronotron","article_modified_time":"2026-02-13T17:44:32+00:00","twitter_card":"summary_large_image","twitter_misc":{"Est. tempo de leitura":"1 minuto"},"schema":{"@context":"https:\/\/schema.org","@graph":[{"@type":"WebPage","@id":"https:\/\/synchronotron.com\/index.php\/product\/workshop-synchronotron-hipercubo\/","url":"https:\/\/synchronotron.com\/index.php\/product\/workshop-synchronotron-hipercubo\/","name":"Workshop Synchronotron - Hipercubo - Synchronotron","isPartOf":{"@id":"https:\/\/synchronotron.com\/#website"},"datePublished":"2024-08-17T21:12:34+00:00","dateModified":"2026-02-13T17:44:32+00:00","breadcrumb":{"@id":"https:\/\/synchronotron.com\/index.php\/product\/workshop-synchronotron-hipercubo\/#breadcrumb"},"inLanguage":"pt-BR","potentialAction":[{"@type":"ReadAction","target":["https:\/\/synchronotron.com\/index.php\/product\/workshop-synchronotron-hipercubo\/"]}]},{"@type":"BreadcrumbList","@id":"https:\/\/synchronotron.com\/index.php\/product\/workshop-synchronotron-hipercubo\/#breadcrumb","itemListElement":[{"@type":"ListItem","position":1,"name":"In\u00edcio","item":"https:\/\/synchronotron.com\/"},{"@type":"ListItem","position":2,"name":"Escola Synchronotron","item":"https:\/\/synchronotron.com\/index.php\/loja\/"},{"@type":"ListItem","position":3,"name":"Workshop Synchronotron &#8211; Hipercubo"}]},{"@type":"WebSite","@id":"https:\/\/synchronotron.com\/#website","url":"https:\/\/synchronotron.com\/","name":"Synchronotron","description":"","publisher":{"@id":"https:\/\/synchronotron.com\/#organization"},"potentialAction":[{"@type":"SearchAction","target":{"@type":"EntryPoint","urlTemplate":"https:\/\/synchronotron.com\/?s={search_term_string}"},"query-input":{"@type":"PropertyValueSpecification","valueRequired":true,"valueName":"search_term_string"}}],"inLanguage":"pt-BR"},{"@type":"Organization","@id":"https:\/\/synchronotron.com\/#organization","name":"Synchronotron","url":"https:\/\/synchronotron.com\/","logo":{"@type":"ImageObject","inLanguage":"pt-BR","@id":"https:\/\/synchronotron.com\/#\/schema\/logo\/image\/","url":"https:\/\/synchronotron.com\/wp-content\/uploads\/2023\/08\/cropped-logo-synchonotron-1.png","contentUrl":"https:\/\/synchronotron.com\/wp-content\/uploads\/2023\/08\/cropped-logo-synchonotron-1.png","width":837,"height":837,"caption":"Synchronotron"},"image":{"@id":"https:\/\/synchronotron.com\/#\/schema\/logo\/image\/"}}]}},"_links":{"self":[{"href":"https:\/\/synchronotron.com\/index.php\/wp-json\/wp\/v2\/product\/8576","targetHints":{"allow":["GET"]}}],"collection":[{"href":"https:\/\/synchronotron.com\/index.php\/wp-json\/wp\/v2\/product"}],"about":[{"href":"https:\/\/synchronotron.com\/index.php\/wp-json\/wp\/v2\/types\/product"}],"version-history":[{"count":1,"href":"https:\/\/synchronotron.com\/index.php\/wp-json\/wp\/v2\/product\/8576\/revisions"}],"predecessor-version":[{"id":21754,"href":"https:\/\/synchronotron.com\/index.php\/wp-json\/wp\/v2\/product\/8576\/revisions\/21754"}],"wp:attachment":[{"href":"https:\/\/synchronotron.com\/index.php\/wp-json\/wp\/v2\/media?parent=8576"}],"wp:term":[{"taxonomy":"product_brand","embeddable":true,"href":"https:\/\/synchronotron.com\/index.php\/wp-json\/wp\/v2\/product_brand?post=8576"},{"taxonomy":"product_cat","embeddable":true,"href":"https:\/\/synchronotron.com\/index.php\/wp-json\/wp\/v2\/product_cat?post=8576"},{"taxonomy":"product_tag","embeddable":true,"href":"https:\/\/synchronotron.com\/index.php\/wp-json\/wp\/v2\/product_tag?post=8576"}],"curies":[{"name":"wp","href":"https:\/\/api.w.org\/{rel}","templated":true}]}}